{"id":3727,"date":"2018-01-31T08:55:51","date_gmt":"2018-01-31T10:55:51","guid":{"rendered":"https:\/\/paz.church\/saopaulo\/?page_id=3727"},"modified":"2024-11-13T13:15:14","modified_gmt":"2024-11-13T16:15:14","slug":"voluntarios-2","status":"publish","type":"page","link":"https:\/\/paz.church\/serra\/voluntarios-2\/","title":{"rendered":"Seja um volunt\u00e1rio"},"content":{"rendered":"<div id=\"pl-3727\"  class=\"panel-layout\" ><a id=\"bordas\"><\/a><div id=\"pg-3727-0\"  class=\"panel-grid panel-has-style\"  data-extraid=\"bordas\" ><div class=\"bordas panel-row-style panel-row-style-for-3727-0\" id=\"ministerios\" ><div id=\"pgc-3727-0-0\"  class=\"panel-grid-cell\" ><div id=\"panel-3727-0-0-0\" class=\"so-panel widget widget_sow-editor panel-first-child panel-last-child\" data-index=\"0\" ><div class=\"panel-widget-style panel-widget-style-for-3727-0-0-0\" ><div\n\t\t\t\n\t\t\tclass=\"so-widget-sow-editor so-widget-sow-editor-base\"\n\t\t\t\n\t\t><h3 class=\"widget-title\">Nossa Cultura<\/h3>\n<div class=\"siteorigin-widget-tinymce textwidget\">\n\t<p><strong>A Cultura do Voluntariado<\/strong><\/p>\n<p>Cremos, verdadeiramente, que ser um volunt\u00e1rio na Igreja (em qualquer \u00e1rea ou minist\u00e9rio) \u00e9 uma tarefa t\u00e3o santa quanto ministrar o louvor ou pregar a Palavra. O nosso objetivo \u00e9 o mesmo:\u00a0<strong>derramar o Amor de Deus sobre as pessoas!<\/strong><\/p>\n<p>Quando, ao final de um culto, uma pessoa decide se entregar totalmente a Cristo, todas as pessoas que serviram naquele culto t\u00eam participa\u00e7\u00e3o nisso! Somos um time, e o papel que cada volunt\u00e1rio desempenha \u00e9 essencial para que mais pessoas conhe\u00e7am a Jesus.<\/p>\n<p>Todas as atividades que os volunt\u00e1rios exercem se tornam as mais empolgantes e importantes do mundo quando se entende que por tr\u00e1s disso tudo existe um prop\u00f3sito:\u00a0<strong>salvar vidas!<\/strong><\/p>\n<p>A Paz Church S\u00e3o Paulo d\u00e1 a voc\u00ea a oportunidade de fazer parte de nosso time de volunt\u00e1rios para cuidar das pessoas e servir na obra do Senhor. Possu\u00edmos cinco minist\u00e9rios de entrada que recomendamos para voc\u00ea servir como volunt\u00e1rio. Conhe\u00e7a um pouco mais sobre cada um e se envolva nesse precioso servi\u00e7o do Reino de Deus. Caso queira servir, acesse o minist\u00e9rio espec\u00edfico e fa\u00e7a a sua inscri\u00e7\u00e3o.<\/p>\n<\/div>\n<\/div><\/div><\/div><\/div><\/div><\/div><div id=\"pg-3727-1\"  class=\"panel-grid panel-has-style\" ><div class=\"siteorigin-panels-stretch panel-row-style panel-row-style-for-3727-1\" id=\"Team01\" data-stretch-type=\"full\" ><div id=\"pgc-3727-1-0\"  class=\"panel-grid-cell\" ><div id=\"colunas-widget\" class=\"panel-cell-style panel-cell-style-for-3727-1-0\" ><div id=\"panel-3727-1-0-0\" class=\"so-panel widget widget_sow-headline panel-first-child panel-last-child\" data-index=\"1\" ><div class=\"titulo panel-widget-style panel-widget-style-for-3727-1-0-0\" id=\"ministerios\" ><div\n\t\t\t\n\t\t\tclass=\"so-widget-sow-headline so-widget-sow-headline-default-f7a5dc35bfba-3727\"\n\t\t\t\n\t\t><div class=\"sow-headline-container \">\n\t\t\t\t\t\t\t<h3 class=\"sow-headline\">\n\t\t\t\t\t\tMinist\u00e9rios de Entrada\t\t\t\t\t\t<\/h3>\n\t\t\t\t\t\t<\/div>\n<\/div><\/div><\/div><\/div><\/div><\/div><\/div><div id=\"pg-3727-2\"  class=\"panel-grid panel-has-style\" ><div class=\"siteorigin-panels-stretch panel-row-style panel-row-style-for-3727-2\" id=\"ministerios\" data-stretch-type=\"full\" ><div id=\"pgc-3727-2-0\"  class=\"panel-grid-cell\" ><div class=\"bordas panel-cell-style panel-cell-style-for-3727-2-0\" ><div id=\"panel-3727-2-0-0\" class=\"so-panel widget widget_sow-image panel-first-child\" data-index=\"2\" ><div\n\t\t\t\n\t\t\tclass=\"so-widget-sow-image so-widget-sow-image-default-8b5b6f678277-3727\"\n\t\t\t\n\t\t>\n\n<div class=\"sow-image-container\">\n\t\t<img loading=\"lazy\" decoding=\"async\" src=\"https:\/\/paz.church\/serra\/wp-content\/uploads\/2024\/11\/voluntario-hd.png\" width=\"1200\" height=\"675\" srcset=\"https:\/\/paz.church\/serra\/wp-content\/uploads\/2024\/11\/voluntario-hd.png 1200w, https:\/\/paz.church\/serra\/wp-content\/uploads\/2024\/11\/voluntario-hd-300x169.png 300w, https:\/\/paz.church\/serra\/wp-content\/uploads\/2024\/11\/voluntario-hd-1024x576.png 1024w, https:\/\/paz.church\/serra\/wp-content\/uploads\/2024\/11\/voluntario-hd-768x432.png 768w\" sizes=\"auto, (max-width: 1200px) 100vw, 1200px\" title=\"voluntario hd\" alt=\"\" \t\tclass=\"so-widget-image\"\/>\n\t<\/div>\n\n<\/div><\/div><div id=\"panel-3727-2-0-1\" class=\"so-panel widget widget_sow-editor\" data-index=\"3\" ><div class=\"panel-widget-style panel-widget-style-for-3727-2-0-1\" ><div\n\t\t\t\n\t\t\tclass=\"so-widget-sow-editor so-widget-sow-editor-base\"\n\t\t\t\n\t\t><h3 class=\"widget-title\">Atmosfera<\/h3>\n<div class=\"siteorigin-widget-tinymce textwidget\">\n\t<p style=\"text-align: center;\">Nosso objetivo \u00e9 garantir que nossos membros e convidados sejam super bem recebidos em nossa Igreja.<\/p>\n<\/div>\n<\/div><\/div><\/div><div id=\"panel-3727-2-0-2\" class=\"so-panel widget widget_sow-button panel-last-child\" data-index=\"4\" ><div\n\t\t\t\n\t\t\tclass=\"so-widget-sow-button so-widget-sow-button-flat-ab2420ddd85f-3727\"\n\t\t\t\n\t\t><div class=\"ow-button-base ow-button-align-center\">\n\t\t\t<a\n\t\t\t\t\thref=\"https:\/\/paz.church\/serra\/voluntarios\/\"\n\t\t\t\t\tclass=\"sowb-button ow-icon-placement-left\" target=\"_blank\" rel=\"noopener noreferrer\" \t>\n\t\t<span>\n\t\t\t\n\t\t\tSaiba mais\t\t<\/span>\n\t\t\t<\/a>\n\t<\/div>\n<\/div><\/div><\/div><\/div><div id=\"pgc-3727-2-1\"  class=\"panel-grid-cell\" ><div class=\"bordas panel-cell-style panel-cell-style-for-3727-2-1\" ><div id=\"panel-3727-2-1-0\" class=\"so-panel widget widget_sow-image panel-first-child\" data-index=\"5\" ><div\n\t\t\t\n\t\t\tclass=\"so-widget-sow-image so-widget-sow-image-default-8b5b6f678277-3727\"\n\t\t\t\n\t\t>\n\n<div class=\"sow-image-container\">\n\t\t<img loading=\"lazy\" decoding=\"async\" src=\"https:\/\/paz.church\/serra\/wp-content\/uploads\/2024\/11\/amor-em-acao.png\" width=\"1200\" height=\"675\" srcset=\"https:\/\/paz.church\/serra\/wp-content\/uploads\/2024\/11\/amor-em-acao.png 1200w, https:\/\/paz.church\/serra\/wp-content\/uploads\/2024\/11\/amor-em-acao-300x169.png 300w, https:\/\/paz.church\/serra\/wp-content\/uploads\/2024\/11\/amor-em-acao-1024x576.png 1024w, https:\/\/paz.church\/serra\/wp-content\/uploads\/2024\/11\/amor-em-acao-768x432.png 768w\" sizes=\"auto, (max-width: 1200px) 100vw, 1200px\" title=\"amor em acao\" alt=\"\" \t\tclass=\"so-widget-image\"\/>\n\t<\/div>\n\n<\/div><\/div><div id=\"panel-3727-2-1-1\" class=\"so-panel widget widget_sow-editor\" data-index=\"6\" ><div class=\"panel-widget-style panel-widget-style-for-3727-2-1-1\" ><div\n\t\t\t\n\t\t\tclass=\"so-widget-sow-editor so-widget-sow-editor-base\"\n\t\t\t\n\t\t><h3 class=\"widget-title\">Amor em A\u00e7\u00e3o<\/h3>\n<div class=\"siteorigin-widget-tinymce textwidget\">\n\t<p style=\"text-align: center;\">As \u00e1reas de atua\u00e7\u00e3o s\u00e3o diversas e todas elas est\u00e3o voltadas ao \u00e2mbito da A\u00e7\u00e3o Social, do socorro ao necessitado.<\/p>\n<\/div>\n<\/div><\/div><\/div><div id=\"panel-3727-2-1-2\" class=\"so-panel widget widget_sow-button panel-last-child\" data-index=\"7\" ><div\n\t\t\t\n\t\t\tclass=\"so-widget-sow-button so-widget-sow-button-flat-ab2420ddd85f-3727\"\n\t\t\t\n\t\t><div class=\"ow-button-base ow-button-align-center\">\n\t\t\t<a\n\t\t\t\t\thref=\"https:\/\/paz.church\/serra\/voluntarios\/\"\n\t\t\t\t\tclass=\"sowb-button ow-icon-placement-left\" target=\"_blank\" rel=\"noopener noreferrer\" \t>\n\t\t<span>\n\t\t\t\n\t\t\tSaiba mais\t\t<\/span>\n\t\t\t<\/a>\n\t<\/div>\n<\/div><\/div><\/div><\/div><\/div><\/div><div id=\"pg-3727-3\"  class=\"panel-grid panel-has-style\" ><div class=\"siteorigin-panels-stretch panel-row-style panel-row-style-for-3727-3\" id=\"ministerios\" data-stretch-type=\"full\" ><div id=\"pgc-3727-3-0\"  class=\"panel-grid-cell\" ><div class=\"bordas panel-cell-style panel-cell-style-for-3727-3-0\" ><div id=\"panel-3727-3-0-0\" class=\"so-panel widget widget_sow-image panel-first-child\" data-index=\"8\" ><div\n\t\t\t\n\t\t\tclass=\"so-widget-sow-image so-widget-sow-image-default-8b5b6f678277-3727\"\n\t\t\t\n\t\t>\n\n<div class=\"sow-image-container\">\n\t\t<img loading=\"lazy\" decoding=\"async\" src=\"https:\/\/paz.church\/serra\/wp-content\/uploads\/2024\/11\/gourmet.png\" width=\"1200\" height=\"675\" srcset=\"https:\/\/paz.church\/serra\/wp-content\/uploads\/2024\/11\/gourmet.png 1200w, https:\/\/paz.church\/serra\/wp-content\/uploads\/2024\/11\/gourmet-300x169.png 300w, https:\/\/paz.church\/serra\/wp-content\/uploads\/2024\/11\/gourmet-1024x576.png 1024w, https:\/\/paz.church\/serra\/wp-content\/uploads\/2024\/11\/gourmet-768x432.png 768w\" sizes=\"auto, (max-width: 1200px) 100vw, 1200px\" alt=\"\" \t\tclass=\"so-widget-image\"\/>\n\t<\/div>\n\n<\/div><\/div><div id=\"panel-3727-3-0-1\" class=\"so-panel widget widget_sow-editor\" data-index=\"9\" ><div class=\"panel-widget-style panel-widget-style-for-3727-3-0-1\" ><div\n\t\t\t\n\t\t\tclass=\"so-widget-sow-editor so-widget-sow-editor-base\"\n\t\t\t\n\t\t><h3 class=\"widget-title\">Paz Gourmet<\/h3>\n<div class=\"siteorigin-widget-tinymce textwidget\">\n\t<p>Servir no Paz Gourmet \u00e9 uma maneira de praticar o cuidado e acolhimento aos irm\u00e3os. Entre e ajude a levar o melhor..<\/p>\n<\/div>\n<\/div><\/div><\/div><div id=\"panel-3727-3-0-2\" class=\"so-panel widget widget_sow-button panel-last-child\" data-index=\"10\" ><div\n\t\t\t\n\t\t\tclass=\"so-widget-sow-button so-widget-sow-button-flat-ab2420ddd85f-3727\"\n\t\t\t\n\t\t><div class=\"ow-button-base ow-button-align-center\">\n\t\t\t<a\n\t\t\t\t\thref=\"https:\/\/paz.church\/serra\/voluntarios\/\"\n\t\t\t\t\tclass=\"sowb-button ow-icon-placement-left\" target=\"_blank\" rel=\"noopener noreferrer\" \t>\n\t\t<span>\n\t\t\t\n\t\t\tSaiba mais\t\t<\/span>\n\t\t\t<\/a>\n\t<\/div>\n<\/div><\/div><\/div><\/div><div id=\"pgc-3727-3-1\"  class=\"panel-grid-cell\" ><div class=\"bordas panel-cell-style panel-cell-style-for-3727-3-1\" ><div id=\"panel-3727-3-1-0\" class=\"so-panel widget widget_sow-image panel-first-child\" data-index=\"11\" ><div\n\t\t\t\n\t\t\tclass=\"so-widget-sow-image so-widget-sow-image-default-8b5b6f678277-3727\"\n\t\t\t\n\t\t>\n\n<div class=\"sow-image-container\">\n\t\t<img loading=\"lazy\" decoding=\"async\" src=\"https:\/\/paz.church\/serra\/wp-content\/uploads\/2024\/11\/prayer.png\" width=\"1200\" height=\"675\" srcset=\"https:\/\/paz.church\/serra\/wp-content\/uploads\/2024\/11\/prayer.png 1200w, https:\/\/paz.church\/serra\/wp-content\/uploads\/2024\/11\/prayer-300x169.png 300w, https:\/\/paz.church\/serra\/wp-content\/uploads\/2024\/11\/prayer-1024x576.png 1024w, https:\/\/paz.church\/serra\/wp-content\/uploads\/2024\/11\/prayer-768x432.png 768w\" sizes=\"auto, (max-width: 1200px) 100vw, 1200px\" alt=\"\" \t\tclass=\"so-widget-image\"\/>\n\t<\/div>\n\n<\/div><\/div><div id=\"panel-3727-3-1-1\" class=\"so-panel widget widget_sow-editor\" data-index=\"12\" ><div class=\"panel-widget-style panel-widget-style-for-3727-3-1-1\" ><div\n\t\t\t\n\t\t\tclass=\"so-widget-sow-editor so-widget-sow-editor-base\"\n\t\t\t\n\t\t><h3 class=\"widget-title\">Paz Prayer<\/h3>\n<div class=\"siteorigin-widget-tinymce textwidget\">\n\t<p>O nosso Senhor Jesus deixou bem claro na sua Palavra a extrema import\u00e2ncia da ora\u00e7\u00e3o. Sabemos que \u00e9 dever de todo crente orar.<\/p>\n<\/div>\n<\/div><\/div><\/div><div id=\"panel-3727-3-1-2\" class=\"so-panel widget widget_sow-button panel-last-child\" data-index=\"13\" ><div\n\t\t\t\n\t\t\tclass=\"so-widget-sow-button so-widget-sow-button-flat-ab2420ddd85f-3727\"\n\t\t\t\n\t\t><div class=\"ow-button-base ow-button-align-center\">\n\t\t\t<a\n\t\t\t\t\thref=\"https:\/\/paz.church\/serra\/voluntarios\/\"\n\t\t\t\t\tclass=\"sowb-button ow-icon-placement-left\" target=\"_blank\" rel=\"noopener noreferrer\" \t>\n\t\t<span>\n\t\t\t\n\t\t\tSaiba mais\t\t<\/span>\n\t\t\t<\/a>\n\t<\/div>\n<\/div><\/div><\/div><\/div><\/div><\/div><div id=\"pg-3727-4\"  class=\"panel-grid panel-no-style\" ><div id=\"pgc-3727-4-0\"  class=\"panel-grid-cell panel-grid-cell-empty\" ><\/div><\/div><\/div>","protected":false},"excerpt":{"rendered":"<p>A Cultura do Voluntariado Cremos, verdadeiramente, que ser um volunt\u00e1rio na Igreja (em qualquer \u00e1rea ou minist\u00e9rio) \u00e9 uma tarefa t\u00e3o santa quanto ministrar o louvor ou pregar a Palavra. O nosso objetivo \u00e9 o mesmo:\u00a0derramar o Amor de Deus sobre as pessoas! Quando, ao final de um culto, uma pessoa decide se entregar totalmenteContinue reading &rarr;<\/p>\n","protected":false},"author":1,"featured_media":23275,"parent":0,"menu_order":0,"comment_status":"closed","ping_status":"closed","template":"","meta":{"_seopress_robots_primary_cat":"","_seopress_titles_title":"","_seopress_titles_desc":"","_seopress_robots_index":"","footnotes":""},"class_list":["post-3727","page","type-page","status-publish","has-post-thumbnail","has-thumb"],"_links":{"self":[{"href":"https:\/\/paz.church\/serra\/wp-json\/wp\/v2\/pages\/3727","targetHints":{"allow":["GET"]}}],"collection":[{"href":"https:\/\/paz.church\/serra\/wp-json\/wp\/v2\/pages"}],"about":[{"href":"https:\/\/paz.church\/serra\/wp-json\/wp\/v2\/types\/page"}],"author":[{"embeddable":true,"href":"https:\/\/paz.church\/serra\/wp-json\/wp\/v2\/users\/1"}],"replies":[{"embeddable":true,"href":"https:\/\/paz.church\/serra\/wp-json\/wp\/v2\/comments?post=3727"}],"version-history":[{"count":7,"href":"https:\/\/paz.church\/serra\/wp-json\/wp\/v2\/pages\/3727\/revisions"}],"predecessor-version":[{"id":23314,"href":"https:\/\/paz.church\/serra\/wp-json\/wp\/v2\/pages\/3727\/revisions\/23314"}],"wp:featuredmedia":[{"embeddable":true,"href":"https:\/\/paz.church\/serra\/wp-json\/wp\/v2\/media\/23275"}],"wp:attachment":[{"href":"https:\/\/paz.church\/serra\/wp-json\/wp\/v2\/media?parent=3727"}],"curies":[{"name":"wp","href":"https:\/\/api.w.org\/{rel}","templated":true}]}}