{"id":5737,"date":"2019-09-20T00:00:29","date_gmt":"2019-09-20T03:00:29","guid":{"rendered":"https:\/\/paz.church\/saopaulo\/?page_id=5737"},"modified":"2024-11-19T16:41:13","modified_gmt":"2024-11-19T19:41:13","slug":"podcast","status":"publish","type":"page","link":"https:\/\/paz.church\/serra\/podcast\/","title":{"rendered":"Podcast"},"content":{"rendered":"<div id=\"pl-5737\"  class=\"panel-layout\" ><a id=\"bordas\"><\/a><div id=\"pg-5737-0\"  class=\"panel-grid panel-has-style\"  data-extraid=\"bordas\" ><div class=\"bordas panel-row-style panel-row-style-for-5737-0\" ><div id=\"pgc-5737-0-0\"  class=\"panel-grid-cell\" ><div id=\"panel-5737-0-0-0\" class=\"so-panel widget widget_sow-features panel-first-child panel-last-child\" data-index=\"0\" ><div class=\"panel-widget-style panel-widget-style-for-5737-0-0-0\" ><div\n\t\t\t\n\t\t\tclass=\"so-widget-sow-features so-widget-sow-features-default-8a9ac32a6496-5737\"\n\t\t\t\n\t\t>\n<div class=\"sow-features-list sow-features-responsive\">\n\n\t\t\t\t\t\t\t\t\t<div\n\t\t\t\tclass=\"sow-features-feature sow-icon-container-position-top\"\n\t\t\t\tstyle=\"display: flex; flex-direction: column; width: calc(25% - 25px);\"\n\t\t\t>\n\t\t\t\n\t\t\t\t\t\t\t\t\t<a\n\t\t\t\t\t\thref=\"https:\/\/podcasters.spotify.com\/pod\/show\/paz-church-serra7\"\n\t\t\t\t\t\ttarget=\"_blank\" rel=\"noopener noreferrer\"\t\t\t\t\t>\n\t\t\t\t\t\t\t\t<div\n\t\t\t\t\tclass=\"sow-icon-container sow-container-none\"\n\t\t\t\t\tstyle=\"color: ; \"\n\t\t\t\t\t\t\t\t\t>\n\t\t\t\t\t<div class=\"sow-icon-image\" style=\"background-image: url(https:\/\/paz.church\/serra\/wp-content\/uploads\/2024\/11\/Spotify_Primary_Logo_RGB_Green.png); font-size: 48px\"><\/div>\t\t\t\t<\/div>\n\t\t\t\t\t\t\t\t\t<\/a>\n\t\t\t\t\t\n\t\t\t\t<div class=\"textwidget\">\n\t\t\t\t\t\n\t\t\t\t\t\t\t\t\t\t\t<h5>\n\t\t\t\t\t\t\t\t\t\t\t\t\t\t\t<a\n\t\t\t\t\t\t\t\t\thref=\"https:\/\/podcasters.spotify.com\/pod\/show\/paz-church-serra7\"\n\t\t\t\t\t\t\t\t\ttarget=\"_blank\" rel=\"noopener noreferrer\"\t\t\t\t\t\t\t\t>\n\t\t\t\t\t\t\t\n\t\t\t\t\t\t\tSpotify\t\t\t\t\t\t\t\t\t\t\t\t\t\t\t<\/a>\n\t\t\t\t\t\t\t\t\t\t\t\t\t<\/h5>\n\t\t\t\t\t\n\t\t\t\t\t\n\t\t\t\t\t\t\t\t\t<\/div>\n\t\t\t\t\t\t\t\t\n\t\t\t\t\t\t\t<\/div>\n\n\t\t\t\t\t\t\t\t<div\n\t\t\t\tclass=\"sow-features-feature sow-icon-container-position-top\"\n\t\t\t\tstyle=\"display: flex; flex-direction: column; width: calc(25% - 25px);\"\n\t\t\t>\n\t\t\t\n\t\t\t\t\t\t\t\t\t<a\n\t\t\t\t\t\thref=\"https:\/\/music.amazon.com.br\/podcasts\/63f7dd54-ca42-454f-a0b4-ff5e9ccb1bc3\/paz-church-serra---podcast\"\n\t\t\t\t\t\ttarget=\"_blank\" rel=\"noopener noreferrer\"\t\t\t\t\t>\n\t\t\t\t\t\t\t\t<div\n\t\t\t\t\tclass=\"sow-icon-container sow-container-none\"\n\t\t\t\t\tstyle=\"color: ; \"\n\t\t\t\t\t\t\t\t\t>\n\t\t\t\t\t<div class=\"sow-icon-image\" style=\"background-image: url(https:\/\/paz.church\/serra\/wp-content\/uploads\/2024\/11\/pngwing.com-1.png); font-size: 48px\"><\/div>\t\t\t\t<\/div>\n\t\t\t\t\t\t\t\t\t<\/a>\n\t\t\t\t\t\n\t\t\t\t<div class=\"textwidget\">\n\t\t\t\t\t\n\t\t\t\t\t\t\t\t\t\t\t<h5>\n\t\t\t\t\t\t\t\t\t\t\t\t\t\t\t<a\n\t\t\t\t\t\t\t\t\thref=\"https:\/\/music.amazon.com.br\/podcasts\/63f7dd54-ca42-454f-a0b4-ff5e9ccb1bc3\/paz-church-serra---podcast\"\n\t\t\t\t\t\t\t\t\ttarget=\"_blank\" rel=\"noopener noreferrer\"\t\t\t\t\t\t\t\t>\n\t\t\t\t\t\t\t\n\t\t\t\t\t\t\tAmazon Podcasts\t\t\t\t\t\t\t\t\t\t\t\t\t\t\t<\/a>\n\t\t\t\t\t\t\t\t\t\t\t\t\t<\/h5>\n\t\t\t\t\t\n\t\t\t\t\t\n\t\t\t\t\t\t\t\t\t<\/div>\n\t\t\t\t\t\t\t\t\n\t\t\t\t\t\t\t<\/div>\n\n\t\t\t\t\t\t\t\t<div\n\t\t\t\tclass=\"sow-features-feature sow-icon-container-position-top\"\n\t\t\t\tstyle=\"display: flex; flex-direction: column; width: calc(25% - 25px);\"\n\t\t\t>\n\t\t\t\n\t\t\t\t\t\t\t\t\t<a\n\t\t\t\t\t\thref=\"https:\/\/deezer.page.link\/4kTsgDUFYz7VY2pj8\"\n\t\t\t\t\t\ttarget=\"_blank\" rel=\"noopener noreferrer\"\t\t\t\t\t>\n\t\t\t\t\t\t\t\t<div\n\t\t\t\t\tclass=\"sow-icon-container sow-container-none\"\n\t\t\t\t\tstyle=\"color: ; \"\n\t\t\t\t\t\t\t\t\t>\n\t\t\t\t\t<div class=\"sow-icon-image\" style=\"background-image: url(https:\/\/paz.church\/serra\/wp-content\/uploads\/2024\/11\/deezer.png); font-size: 48px\"><\/div>\t\t\t\t<\/div>\n\t\t\t\t\t\t\t\t\t<\/a>\n\t\t\t\t\t\n\t\t\t\t<div class=\"textwidget\">\n\t\t\t\t\t\n\t\t\t\t\t\t\t\t\t\t\t<h5>\n\t\t\t\t\t\t\t\t\t\t\t\t\t\t\t<a\n\t\t\t\t\t\t\t\t\thref=\"https:\/\/deezer.page.link\/4kTsgDUFYz7VY2pj8\"\n\t\t\t\t\t\t\t\t\ttarget=\"_blank\" rel=\"noopener noreferrer\"\t\t\t\t\t\t\t\t>\n\t\t\t\t\t\t\t\n\t\t\t\t\t\t\tDeezer\t\t\t\t\t\t\t\t\t\t\t\t\t\t\t<\/a>\n\t\t\t\t\t\t\t\t\t\t\t\t\t<\/h5>\n\t\t\t\t\t\n\t\t\t\t\t\n\t\t\t\t\t\t\t\t\t<\/div>\n\t\t\t\t\t\t\t\t\n\t\t\t\t\t\t\t<\/div>\n\n\t\t\t\t\t\t\t\t<div\n\t\t\t\tclass=\"sow-features-feature sow-icon-container-position-top\"\n\t\t\t\tstyle=\"display: flex; flex-direction: column; width: calc(25% - 25px);\"\n\t\t\t>\n\t\t\t\n\t\t\t\t\t\t\t\t\t<a\n\t\t\t\t\t\thref=\"https:\/\/podcasts.google.com\/?feed=aHR0cHM6Ly9hbmNob3IuZm0vcy9kNzg3MmJjL3BvZGNhc3QvcnNz\"\n\t\t\t\t\t\ttarget=\"_blank\" rel=\"noopener noreferrer\"\t\t\t\t\t>\n\t\t\t\t\t\t\t\t<div\n\t\t\t\t\tclass=\"sow-icon-container sow-container-none\"\n\t\t\t\t\tstyle=\"color: ; \"\n\t\t\t\t\t\t\t\t\t>\n\t\t\t\t\t<div class=\"sow-icon-image\" style=\"background-image: url(https:\/\/paz.church\/serra\/wp-content\/uploads\/2024\/11\/app_icon_music_600.png); font-size: 48px\"><\/div>\t\t\t\t<\/div>\n\t\t\t\t\t\t\t\t\t<\/a>\n\t\t\t\t\t\n\t\t\t\t<div class=\"textwidget\">\n\t\t\t\t\t\n\t\t\t\t\t\t\t\t\t\t\t<h5>\n\t\t\t\t\t\t\t\t\t\t\t\t\t\t\t<a\n\t\t\t\t\t\t\t\t\thref=\"https:\/\/podcasts.google.com\/?feed=aHR0cHM6Ly9hbmNob3IuZm0vcy9kNzg3MmJjL3BvZGNhc3QvcnNz\"\n\t\t\t\t\t\t\t\t\ttarget=\"_blank\" rel=\"noopener noreferrer\"\t\t\t\t\t\t\t\t>\n\t\t\t\t\t\t\t\n\t\t\t\t\t\t\tYouTube Music\t\t\t\t\t\t\t\t\t\t\t\t\t\t\t<\/a>\n\t\t\t\t\t\t\t\t\t\t\t\t\t<\/h5>\n\t\t\t\t\t\n\t\t\t\t\t\n\t\t\t\t\t\t\t\t\t<\/div>\n\t\t\t\t\t\t\t\t\n\t\t\t\t\t\t\t<\/div>\n\n\t\t\t\n<\/div>\n<\/div><\/div><\/div><\/div><\/div><\/div><a id=\"bordas\"><\/a><div id=\"pg-5737-1\"  class=\"panel-grid panel-has-style\"  data-extraid=\"bordas\" ><div class=\"bordas panel-row-style panel-row-style-for-5737-1\" ><div id=\"pgc-5737-1-0\"  class=\"panel-grid-cell\" ><div class=\"bordas panel-cell-style panel-cell-style-for-5737-1-0\" ><div id=\"panel-5737-1-0-0\" class=\"so-panel widget widget_sow-editor panel-first-child\" data-index=\"1\" ><div\n\t\t\t\n\t\t\tclass=\"so-widget-sow-editor so-widget-sow-editor-base\"\n\t\t\t\n\t\t><h3 class=\"widget-title\">O que \u00e9 um podcast?<\/h3>\n<div class=\"siteorigin-widget-tinymce textwidget\">\n\t<p><strong>Podcasts<\/strong>\u00a0s\u00e3o programas de \u00e1udio ou v\u00eddeo, cuja principal caracter\u00edstica \u00e9 um formato de distribui\u00e7\u00e3o chamado\u00a0<strong>podcasting<\/strong>. \u00c9 como um programa de r\u00e1dio, por\u00e9m sua diferen\u00e7a e vantagem primordial \u00e9 o conte\u00fado sob demanda. Voc\u00ea pode ouvir o que quiser, na hora que bem entender, no seu celular ou computador. Basta acessar e clicar no play ou baixar o epis\u00f3dio.<\/p>\n<p>No caso da Paz Church Serra, o conte\u00fado dispon\u00edvel s\u00e3o os \u00e1udios das ministra\u00e7\u00f5es em nossos cultos de celebra\u00e7\u00e3o.<\/p>\n<\/div>\n<\/div><\/div><div id=\"panel-5737-1-0-1\" class=\"so-panel widget widget_sow-editor\" data-index=\"2\" ><div\n\t\t\t\n\t\t\tclass=\"so-widget-sow-editor so-widget-sow-editor-base\"\n\t\t\t\n\t\t><h3 class=\"widget-title\">Como ouvir um podcast?<\/h3>\n<div class=\"siteorigin-widget-tinymce textwidget\">\n\t<p>Voc\u00ea pode escutar num site, numa plataforma de m\u00fasica ou num aplicativo s\u00f3 de podcast no celular.<\/p>\n<p>Aqui divulgaremos os aplicativos mais populares de podcasts dispon\u00edveis nas lojas de apps. Caso ainda n\u00e3o tenha, escolha um deles e instale em seu celular. Lembrando que alguns s\u00e3o gratuitos e em outros \u00e9 cobrado uma mensalidade do aplicativo.<\/p>\n<p>Toda semana atualizamos o nosso conte\u00fado nestes aplicativos.<\/p>\n<\/div>\n<\/div><\/div><div id=\"panel-5737-1-0-2\" class=\"so-panel widget widget_sow-button panel-last-child\" data-index=\"3\" ><div\n\t\t\t\n\t\t\tclass=\"so-widget-sow-button so-widget-sow-button-flat-ab2420ddd85f-5737\"\n\t\t\t\n\t\t><div class=\"ow-button-base ow-button-align-center\">\n\t\t\t<a\n\t\t\t\t\thref=\"https:\/\/podcasters.spotify.com\/pod\/show\/paz-church-serra7\"\n\t\t\t\t\tclass=\"sowb-button ow-icon-placement-left\" target=\"_blank\" rel=\"noopener noreferrer\" \t>\n\t\t<span>\n\t\t\t\n\t\t\tVer mais op\u00e7\u00f5es\t\t<\/span>\n\t\t\t<\/a>\n\t<\/div>\n<\/div><\/div><\/div><\/div><\/div><\/div><\/div>","protected":false},"excerpt":{"rendered":"<p>Podcasts\u00a0s\u00e3o programas de \u00e1udio ou v\u00eddeo, cuja principal caracter\u00edstica \u00e9 um formato de distribui\u00e7\u00e3o chamado\u00a0podcasting. \u00c9 como um programa de r\u00e1dio, por\u00e9m sua diferen\u00e7a e vantagem primordial \u00e9 o conte\u00fado sob demanda. Voc\u00ea pode ouvir o que quiser, na hora que bem entender, no seu celular ou computador. Basta acessar e clicar no play ouContinue reading &rarr;<\/p>\n","protected":false},"author":1,"featured_media":19755,"parent":0,"menu_order":0,"comment_status":"closed","ping_status":"closed","template":"","meta":{"_seopress_robots_primary_cat":"","_seopress_titles_title":"","_seopress_titles_desc":"","_seopress_robots_index":"","footnotes":""},"class_list":["post-5737","page","type-page","status-publish","has-post-thumbnail","has-thumb"],"_links":{"self":[{"href":"https:\/\/paz.church\/serra\/wp-json\/wp\/v2\/pages\/5737","targetHints":{"allow":["GET"]}}],"collection":[{"href":"https:\/\/paz.church\/serra\/wp-json\/wp\/v2\/pages"}],"about":[{"href":"https:\/\/paz.church\/serra\/wp-json\/wp\/v2\/types\/page"}],"author":[{"embeddable":true,"href":"https:\/\/paz.church\/serra\/wp-json\/wp\/v2\/users\/1"}],"replies":[{"embeddable":true,"href":"https:\/\/paz.church\/serra\/wp-json\/wp\/v2\/comments?post=5737"}],"version-history":[{"count":8,"href":"https:\/\/paz.church\/serra\/wp-json\/wp\/v2\/pages\/5737\/revisions"}],"predecessor-version":[{"id":23341,"href":"https:\/\/paz.church\/serra\/wp-json\/wp\/v2\/pages\/5737\/revisions\/23341"}],"wp:featuredmedia":[{"embeddable":true,"href":"https:\/\/paz.church\/serra\/wp-json\/wp\/v2\/media\/19755"}],"wp:attachment":[{"href":"https:\/\/paz.church\/serra\/wp-json\/wp\/v2\/media?parent=5737"}],"curies":[{"name":"wp","href":"https:\/\/api.w.org\/{rel}","templated":true}]}}