{"id":8336,"date":"2017-02-01T01:22:58","date_gmt":"2017-02-01T03:22:58","guid":{"rendered":"https:\/\/paz.church\/saopaulo\/?page_id=8336"},"modified":"2025-02-09T09:14:20","modified_gmt":"2025-02-09T13:14:20","slug":"links","status":"publish","type":"page","link":"https:\/\/paz.church\/sinop\/","title":{"rendered":"Links"},"content":{"rendered":"<div id=\"pl-8336\"  class=\"panel-layout\" ><div id=\"pg-8336-0\"  class=\"panel-grid panel-has-style\" ><div class=\"siteorigin-panels-stretch panel-row-style panel-row-style-for-8336-0\" data-stretch-type=\"full\" ><div id=\"pgc-8336-0-0\"  class=\"panel-grid-cell\" ><div id=\"panel-8336-0-0-0\" class=\"so-panel widget widget_media_image panel-first-child\" data-index=\"0\" ><div class=\"panel-widget-style panel-widget-style-for-8336-0-0-0\" ><a href=\"http:\/\/paz.church\/sinop\"><img width=\"220\" height=\"64\" src=\"https:\/\/paz.church\/sinop\/wp-content\/uploads\/2019\/08\/logotop1.png\" class=\"image wp-image-17  attachment-full size-full\" alt=\"\" loading=\"lazy\" style=\"max-width: 100%; height: auto;\" \/><\/a><\/div><\/div><div id=\"panel-8336-0-0-1\" class=\"so-panel widget widget_sow-button\" data-index=\"1\" ><div\n\t\t\t\n\t\t\tclass=\"so-widget-sow-button so-widget-sow-button-wire-853efcfdf561-8336\"\n\t\t\t\n\t\t><div class=\"ow-button-base ow-button-align-center\">\n\t<a href=\"https:\/\/www.youtube.com\/pazsinopmt\" class=\"ow-icon-placement-left\" target=\"_blank\" rel=\"noopener noreferrer\" \t\t>\n\t\t<span>\n\t\t\t\n\t\t\tAssistir Culto Online\t\t<\/span>\n\t<\/a>\n<\/div>\n<\/div><\/div><div id=\"panel-8336-0-0-2\" class=\"so-panel widget widget_sow-button\" data-index=\"2\" ><div\n\t\t\t\n\t\t\tclass=\"so-widget-sow-button so-widget-sow-button-wire-853efcfdf561-8336\"\n\t\t\t\n\t\t><div class=\"ow-button-base ow-button-align-center\">\n\t<a href=\"https:\/\/paz.church\/sinop\/jesus\/\" class=\"ow-icon-placement-left\" target=\"_blank\" rel=\"noopener noreferrer\" \t\t>\n\t\t<span>\n\t\t\t\n\t\t\tFiz a decis\u00e3o por Jesus\t\t<\/span>\n\t<\/a>\n<\/div>\n<\/div><\/div><div id=\"panel-8336-0-0-3\" class=\"so-panel widget widget_sow-button\" data-index=\"3\" ><div\n\t\t\t\n\t\t\tclass=\"so-widget-sow-button so-widget-sow-button-wire-853efcfdf561-8336\"\n\t\t\t\n\t\t><div class=\"ow-button-base ow-button-align-center\">\n\t<a href=\"https:\/\/paz.church\/sinop\/oracao\/\" class=\"ow-icon-placement-left\" target=\"_blank\" rel=\"noopener noreferrer\" \t\t>\n\t\t<span>\n\t\t\t\n\t\t\tPreciso de ora\u00e7\u00e3o\t\t<\/span>\n\t<\/a>\n<\/div>\n<\/div><\/div><div id=\"panel-8336-0-0-4\" class=\"so-panel widget widget_sow-button\" data-index=\"4\" ><div\n\t\t\t\n\t\t\tclass=\"so-widget-sow-button so-widget-sow-button-wire-853efcfdf561-8336\"\n\t\t\t\n\t\t><div class=\"ow-button-base ow-button-align-center\">\n\t<a href=\"https:\/\/paz.church\/sinop\/life-group\" class=\"ow-icon-placement-left\" target=\"_blank\" rel=\"noopener noreferrer\" \t\t>\n\t\t<span>\n\t\t\t\n\t\t\tQuero um Life Group\t\t<\/span>\n\t<\/a>\n<\/div>\n<\/div><\/div><div id=\"panel-8336-0-0-5\" class=\"so-panel widget widget_sow-button\" data-index=\"5\" ><div\n\t\t\t\n\t\t\tclass=\"so-widget-sow-button so-widget-sow-button-wire-853efcfdf561-8336\"\n\t\t\t\n\t\t><div class=\"ow-button-base ow-button-align-center\">\n\t<a href=\"https:\/\/paz.church\/sinop\/voluntarios\/\" class=\"ow-icon-placement-left\" target=\"_blank\" rel=\"noopener noreferrer\" \t\t>\n\t\t<span>\n\t\t\t\n\t\t\tQuero Servir\t\t<\/span>\n\t<\/a>\n<\/div>\n<\/div><\/div><div id=\"panel-8336-0-0-6\" class=\"so-panel widget widget_sow-button\" data-index=\"6\" ><div\n\t\t\t\n\t\t\tclass=\"so-widget-sow-button so-widget-sow-button-wire-853efcfdf561-8336\"\n\t\t\t\n\t\t><div class=\"ow-button-base ow-button-align-center\">\n\t<a href=\"https:\/\/www.e-inscricao.com\/pazsinop\/estacaodna\" class=\"ow-icon-placement-left\" target=\"_blank\" rel=\"noopener noreferrer\" \t\t>\n\t\t<span>\n\t\t\t\n\t\t\tTreinamentos\t\t<\/span>\n\t<\/a>\n<\/div>\n<\/div><\/div><div id=\"panel-8336-0-0-7\" class=\"so-panel widget widget_sow-social-media-buttons panel-last-child\" data-index=\"7\" ><div class=\"panel-widget-style panel-widget-style-for-8336-0-0-7\" ><div\n\t\t\t\n\t\t\tclass=\"so-widget-sow-social-media-buttons so-widget-sow-social-media-buttons-wire-f35811f01e56-8336\"\n\t\t\t\n\t\t>\n\n<div class=\"social-media-button-container\">\n\t\n\t\t<a class=\"sow-social-media-button-facebook-0 sow-social-media-button\" title=\"Paz Church | Sinop em Facebook\" aria-label=\"Paz Church | Sinop em Facebook\" target=\"_blank\" rel=\"noopener noreferrer\" href=\"https:\/\/www.facebook.com\/PazSinopMT\" >\n\t\t\t<span>\n\t\t\t\t\t\t\t\t<span class=\"sow-icon-fontawesome sow-fab\" data-sow-icon=\"&#xf39e;\"\n\t\t \n\t\taria-hidden=\"true\"><\/span>\t\t\t\t\t\t\t<\/span>\n\t\t<\/a>\n\t\n\t\t<a class=\"sow-social-media-button-instagram-0 sow-social-media-button\" title=\"Paz Church | Sinop em Instagram\" aria-label=\"Paz Church | Sinop em Instagram\" target=\"_blank\" rel=\"noopener noreferrer\" href=\"https:\/\/instagram.com\/PazSinopMT\" >\n\t\t\t<span>\n\t\t\t\t\t\t\t\t<span class=\"sow-icon-fontawesome sow-fab\" data-sow-icon=\"&#xf16d;\"\n\t\t \n\t\taria-hidden=\"true\"><\/span>\t\t\t\t\t\t\t<\/span>\n\t\t<\/a>\n\t\n\t\t<a class=\"sow-social-media-button-youtube-0 sow-social-media-button\" title=\"Paz Church | Sinop em Youtube\" aria-label=\"Paz Church | Sinop em Youtube\" target=\"_blank\" rel=\"noopener noreferrer\" href=\"https:\/\/www.youtube.com\/PazSinop\" >\n\t\t\t<span>\n\t\t\t\t\t\t\t\t<span class=\"sow-icon-fontawesome sow-fab\" data-sow-icon=\"&#xf167;\"\n\t\t \n\t\taria-hidden=\"true\"><\/span>\t\t\t\t\t\t\t<\/span>\n\t\t<\/a>\n\t\n\t\t<a class=\"sow-social-media-button-spotify-0 sow-social-media-button\" title=\"Paz Church | Sinop em Spotify\" aria-label=\"Paz Church | Sinop em Spotify\" target=\"_blank\" rel=\"noopener noreferrer\" href=\"https:\/\/open.spotify.com\/show\/2SmHppYdcsSOj7jBw2Rtvl?si=VymxYYhmS0amXN7vDc2pBQ\" >\n\t\t\t<span>\n\t\t\t\t\t\t\t\t<span class=\"sow-icon-fontawesome sow-fab\" data-sow-icon=\"&#xf1bc;\"\n\t\t \n\t\taria-hidden=\"true\"><\/span>\t\t\t\t\t\t\t<\/span>\n\t\t<\/a>\n\t\n\t\t<a class=\"sow-social-media-button-whatsapp-0 sow-social-media-button\" title=\"Paz Church | Sinop em Whatsapp\" aria-label=\"Paz Church | Sinop em Whatsapp\" target=\"_blank\" rel=\"noopener noreferrer\" href=\"https:\/\/wa.me\/message\/DOJR375IQEEZH1\" >\n\t\t\t<span>\n\t\t\t\t\t\t\t\t<span class=\"sow-icon-fontawesome sow-fab\" data-sow-icon=\"&#xf232;\"\n\t\t \n\t\taria-hidden=\"true\"><\/span>\t\t\t\t\t\t\t<\/span>\n\t\t<\/a>\n\t<\/div>\n<\/div><\/div><\/div><\/div><\/div><\/div><\/div>","protected":false},"excerpt":{"rendered":"<p>Assistir Culto Online Fiz a decis\u00e3o por Jesus Preciso de ora\u00e7\u00e3o Quero um Life Group Quero Servir Treinamentos<\/p>\n","protected":false},"author":2,"featured_media":0,"parent":0,"menu_order":0,"comment_status":"closed","ping_status":"closed","template":"","meta":[],"aioseo_notices":[],"_links":{"self":[{"href":"https:\/\/paz.church\/sinop\/wp-json\/wp\/v2\/pages\/8336"}],"collection":[{"href":"https:\/\/paz.church\/sinop\/wp-json\/wp\/v2\/pages"}],"about":[{"href":"https:\/\/paz.church\/sinop\/wp-json\/wp\/v2\/types\/page"}],"author":[{"embeddable":true,"href":"https:\/\/paz.church\/sinop\/wp-json\/wp\/v2\/users\/2"}],"replies":[{"embeddable":true,"href":"https:\/\/paz.church\/sinop\/wp-json\/wp\/v2\/comments?post=8336"}],"version-history":[{"count":72,"href":"https:\/\/paz.church\/sinop\/wp-json\/wp\/v2\/pages\/8336\/revisions"}],"predecessor-version":[{"id":9256,"href":"https:\/\/paz.church\/sinop\/wp-json\/wp\/v2\/pages\/8336\/revisions\/9256"}],"wp:attachment":[{"href":"https:\/\/paz.church\/sinop\/wp-json\/wp\/v2\/media?parent=8336"}],"curies":[{"name":"wp","href":"https:\/\/api.w.org\/{rel}","templated":true}]}}