{"id":9164,"date":"2025-02-09T09:17:21","date_gmt":"2025-02-09T13:17:21","guid":{"rendered":"https:\/\/paz.church\/sinop\/?page_id=9164"},"modified":"2025-02-09T09:17:21","modified_gmt":"2025-02-09T13:17:21","slug":"life-group","status":"publish","type":"page","link":"https:\/\/paz.church\/sinop\/life-group\/","title":{"rendered":"Life Group"},"content":{"rendered":"<div id=\"pl-9164\"  class=\"panel-layout\" ><div id=\"pg-9164-0\"  class=\"panel-grid panel-no-style\" ><div id=\"pgc-9164-0-0\"  class=\"panel-grid-cell\" ><div id=\"panel-9164-0-0-0\" class=\"so-panel widget widget_sow-editor panel-first-child\" data-index=\"0\" ><div class=\"panel-widget-style panel-widget-style-for-9164-0-0-0\" ><div\n\t\t\t\n\t\t\tclass=\"so-widget-sow-editor so-widget-sow-editor-base\"\n\t\t\t\n\t\t>\n<div class=\"siteorigin-widget-tinymce textwidget\">\n\t<p>Os Life Groups s\u00e3o a Igreja no Lar. Um lugar para se cultivar grandes amizades, para estudar a Palavra de Deus e receber ora\u00e7\u00e3o por todas as \u00e1reas de sua vida.<\/p>\n<p>Um ambiente cheio de f\u00e9, alegria e muito amor.<\/p>\n<p>Temos Lifes voltados para todas as idades. De adultos, jovens, adolescentes e crian\u00e7as.<\/p>\n<p>Se voc\u00ea mora em Sinop e gostaria de participar de uma C\u00e9lula, preencha corretamente os campos abaixo e recomendaremos uma que se encaixe no seu perfil:<\/p>\n<\/div>\n<\/div><\/div><\/div><div id=\"panel-9164-0-0-1\" class=\"so-panel widget widget_sow-editor panel-last-child\" data-index=\"1\" ><div id=\"frm\" class=\"panel-widget-style panel-widget-style-for-9164-0-0-1\" ><div\n\t\t\t\n\t\t\tclass=\"so-widget-sow-editor so-widget-sow-editor-base\"\n\t\t\t\n\t\t>\n<div class=\"siteorigin-widget-tinymce textwidget\">\n\t<div role=\"form\" class=\"wpcf7\" id=\"wpcf7-f2390-o1\" lang=\"pt-BR\" dir=\"ltr\">\n<div class=\"screen-reader-response\"><p role=\"status\" aria-live=\"polite\" aria-atomic=\"true\"><\/p> <ul><\/ul><\/div>\n<form action=\"\/sinop\/wp-json\/wp\/v2\/pages\/9164#wpcf7-f2390-o1\" method=\"post\" class=\"wpcf7-form init\" novalidate=\"novalidate\" data-status=\"init\">\n<div style=\"display: none;\">\n<input type=\"hidden\" name=\"_wpcf7\" value=\"2390\" \/>\n<input type=\"hidden\" name=\"_wpcf7_version\" value=\"5.6.3\" \/>\n<input type=\"hidden\" name=\"_wpcf7_locale\" value=\"pt_BR\" \/>\n<input type=\"hidden\" name=\"_wpcf7_unit_tag\" value=\"wpcf7-f2390-o1\" \/>\n<input type=\"hidden\" name=\"_wpcf7_container_post\" value=\"0\" \/>\n<input type=\"hidden\" name=\"_wpcf7_posted_data_hash\" value=\"\" \/>\n<input type=\"hidden\" name=\"_wpcf7_recaptcha_response\" value=\"\" \/>\n<\/div>\n<div class=\"campo-esq\">\n<p>Nome e sobrenome*<br \/>\n    <span class=\"wpcf7-form-control-wrap\" data-name=\"your-name\"><input type=\"text\" name=\"your-name\" value=\"\" size=\"40\" class=\"wpcf7-form-control wpcf7-text wpcf7-validates-as-required\" aria-required=\"true\" aria-invalid=\"false\" \/><\/span> <\/p>\n<\/div>\n<div class=\"campo-dir\">\n<p>Email*<br \/>\n    <span class=\"wpcf7-form-control-wrap\" data-name=\"your-email\"><input type=\"email\" name=\"your-email\" value=\"\" size=\"40\" class=\"wpcf7-form-control wpcf7-text wpcf7-email wpcf7-validates-as-required wpcf7-validates-as-email\" aria-required=\"true\" aria-invalid=\"false\" \/><\/span> <\/p>\n<\/div>\n<div class=\"clear\"><\/div>\n<div class=\"campo-esq\">\n<p>Voc\u00ea \u00e9 conhecido(a) como?<br \/>\n    <span class=\"wpcf7-form-control-wrap\" data-name=\"your-apelido\"><input type=\"text\" name=\"your-apelido\" value=\"\" size=\"40\" class=\"wpcf7-form-control wpcf7-text\" aria-invalid=\"false\" \/><\/span> <\/p>\n<\/div>\n<div class=\"campo-30\">\n<p>Idade*<br \/>\n    <span class=\"wpcf7-form-control-wrap\" data-name=\"your-nasc\"><input type=\"text\" name=\"your-nasc\" value=\"\" size=\"40\" class=\"wpcf7-form-control wpcf7-text wpcf7-validates-as-required\" aria-required=\"true\" aria-invalid=\"false\" \/><\/span> <\/p>\n<\/div>\n<div class=\"campo-30b\">\n<p>Sexo<br \/>\n     <span class=\"wpcf7-form-control-wrap\" data-name=\"menu-23\"><select name=\"menu-23\" class=\"wpcf7-form-control wpcf7-select\" aria-invalid=\"false\"><option value=\"\">---<\/option><option value=\"Masc\">Masc<\/option><option value=\"Fem\">Fem<\/option><\/select><\/span><\/p>\n<\/div>\n<div class=\"campo-30b\">\n<p>Est. Civil<br \/>\n    <span class=\"wpcf7-form-control-wrap\" data-name=\"menu-24\"><select name=\"menu-24\" class=\"wpcf7-form-control wpcf7-select\" aria-invalid=\"false\"><option value=\"\">---<\/option><option value=\"Solteiro\">Solteiro<\/option><option value=\"Casado\">Casado<\/option><option value=\"Vi\u00favo\">Vi\u00favo<\/option><option value=\"Outro\">Outro<\/option><\/select><\/span> <\/p>\n<\/div>\n<div class=\"clear\"><\/div>\n<div class=\"campo-esq\">\n<p>Endere\u00e7o<br \/>\n    <span class=\"wpcf7-form-control-wrap\" data-name=\"your-ender\"><input type=\"text\" name=\"your-ender\" value=\"\" size=\"40\" class=\"wpcf7-form-control wpcf7-text wpcf7-validates-as-required\" aria-required=\"true\" aria-invalid=\"false\" \/><\/span> <\/p>\n<\/div>\n<div class=\"campo-dir\">\n<p>Bairro<br \/>\n    <span class=\"wpcf7-form-control-wrap\" data-name=\"your-bairro\"><input type=\"text\" name=\"your-bairro\" value=\"\" size=\"40\" class=\"wpcf7-form-control wpcf7-text wpcf7-validates-as-required\" aria-required=\"true\" aria-invalid=\"false\" \/><\/span> <\/p>\n<\/div>\n<div class=\"clear\"><\/div>\n<div class=\"campo-25\">\n<p>CEP<br \/>\n    <span class=\"wpcf7-form-control-wrap\" data-name=\"your-cep\"><input type=\"text\" name=\"your-cep\" value=\"\" size=\"15\" maxlength=\"8\" class=\"wpcf7-form-control wpcf7-text wpcf7-validates-as-required\" aria-required=\"true\" aria-invalid=\"false\" placeholder=\"99999999\" \/><\/span> <\/p>\n<\/div>\n<div class=\"campo-25\">\n<p>Fone\/WhatsApp <br \/>\n    <span class=\"wpcf7-form-control-wrap\" data-name=\"your-celular\"><input type=\"text\" name=\"your-celular\" value=\"\" size=\"20\" maxlength=\"20\" class=\"wpcf7-form-control wpcf7-text\" aria-invalid=\"false\" placeholder=\"(xx) xxxxxxxxx\" \/><\/span><\/p>\n<\/div>\n<div class=\"campo-dir\">\n<p>Como conheceu a Paz Church?<br \/>\n     <span class=\"wpcf7-form-control-wrap\" data-name=\"menu-53\"><select name=\"menu-53\" class=\"wpcf7-form-control wpcf7-select\" aria-invalid=\"false\"><option value=\"\">---<\/option><option value=\"Atrav\u00e9s de amigo\">Atrav\u00e9s de amigo<\/option><option value=\"Internet\">Internet<\/option><option value=\"R\u00e1dio\">R\u00e1dio<\/option><option value=\"TV\">TV<\/option><option value=\"Outra\">Outra<\/option><\/select><\/span><\/p>\n<\/div>\n<div class=\"clear\"><\/div>\n<div class=\"campo-esq\">\n<p>Facebook?<br \/>\n    <span class=\"wpcf7-form-control-wrap\" data-name=\"your-facebook\"><input type=\"text\" name=\"your-facebook\" value=\"\" size=\"40\" class=\"wpcf7-form-control wpcf7-text\" aria-invalid=\"false\" \/><\/span> <\/p>\n<\/div>\n<div class=\"campo-dir\">\n<p>Instagram?<br \/>\n    <span class=\"wpcf7-form-control-wrap\" data-name=\"your-instagram\"><input type=\"text\" name=\"your-instagram\" value=\"\" size=\"40\" class=\"wpcf7-form-control wpcf7-text\" aria-invalid=\"false\" \/><\/span> <\/p>\n<\/div>\n<div class=\"clear\"><\/div>\n<div class=\"campo-full\">\n<p>Observa\u00e7\u00e3o<br \/>\n    <span class=\"wpcf7-form-control-wrap\" data-name=\"your-observacao\"><textarea name=\"your-observacao\" cols=\"40\" rows=\"20\" class=\"wpcf7-form-control wpcf7-textarea\" aria-invalid=\"false\" placeholder=\"Conte-nos um pouquinho sobre voc\u00ea.\"><\/textarea><\/span> <\/p>\n<\/div>\n<div class=\"clear\"><\/div>\n<div class=\"campo-30\">\n<p><input type=\"submit\" value=\"Enviar\" class=\"wpcf7-form-control has-spinner wpcf7-submit\" \/><\/p>\n<\/div>\n<div class=\"clear\"><\/div>\n<p style=\"display: none !important;\"><label>&#916;<textarea name=\"_wpcf7_ak_hp_textarea\" cols=\"45\" rows=\"8\" maxlength=\"100\"><\/textarea><\/label><input type=\"hidden\" id=\"ak_js_1\" name=\"_wpcf7_ak_js\" value=\"19\"\/><script>document.getElementById( \"ak_js_1\" ).setAttribute( \"value\", ( new Date() ).getTime() );<\/script><\/p><div class=\"wpcf7-response-output\" aria-hidden=\"true\"><\/div><\/form><\/div>\n<\/div>\n<\/div><\/div><\/div><\/div><\/div><\/div>","protected":false},"excerpt":{"rendered":"<p>Os Life Groups s\u00e3o a Igreja no Lar. Um lugar para se cultivar grandes amizades, para estudar a Palavra de Deus e receber ora\u00e7\u00e3o por todas as \u00e1reas de sua vida. Um ambiente cheio de f\u00e9, alegria e muito amor. Temos Lifes voltados para todas as idades. De adultos, jovens, adolescentes e crian\u00e7as. Se voc\u00eaContinue reading &rarr;<\/p>\n","protected":false},"author":1,"featured_media":9042,"parent":0,"menu_order":0,"comment_status":"closed","ping_status":"closed","template":"","meta":[],"aioseo_notices":[],"_links":{"self":[{"href":"https:\/\/paz.church\/sinop\/wp-json\/wp\/v2\/pages\/9164"}],"collection":[{"href":"https:\/\/paz.church\/sinop\/wp-json\/wp\/v2\/pages"}],"about":[{"href":"https:\/\/paz.church\/sinop\/wp-json\/wp\/v2\/types\/page"}],"author":[{"embeddable":true,"href":"https:\/\/paz.church\/sinop\/wp-json\/wp\/v2\/users\/1"}],"replies":[{"embeddable":true,"href":"https:\/\/paz.church\/sinop\/wp-json\/wp\/v2\/comments?post=9164"}],"version-history":[{"count":2,"href":"https:\/\/paz.church\/sinop\/wp-json\/wp\/v2\/pages\/9164\/revisions"}],"predecessor-version":[{"id":9258,"href":"https:\/\/paz.church\/sinop\/wp-json\/wp\/v2\/pages\/9164\/revisions\/9258"}],"wp:featuredmedia":[{"embeddable":true,"href":"https:\/\/paz.church\/sinop\/wp-json\/wp\/v2\/media\/9042"}],"wp:attachment":[{"href":"https:\/\/paz.church\/sinop\/wp-json\/wp\/v2\/media?parent=9164"}],"curies":[{"name":"wp","href":"https:\/\/api.w.org\/{rel}","templated":true}]}}