{"id":11511,"date":"2021-03-14T16:41:28","date_gmt":"2021-03-14T19:41:28","guid":{"rendered":"https:\/\/paz.church\/saopaulo\/?page_id=11511"},"modified":"2025-01-02T19:57:06","modified_gmt":"2025-01-02T22:57:06","slug":"cultos","status":"publish","type":"page","link":"https:\/\/paz.church\/sobral\/cultos\/","title":{"rendered":"Cultos de Celebra\u00e7\u00e3o"},"content":{"rendered":"<div id=\"pl-11511\"  class=\"panel-layout\" ><a id=\"bordas\"><\/a><div id=\"pg-11511-0\"  class=\"panel-grid panel-has-style\"  data-extraid=\"bordas\" ><div class=\"bordas panel-row-style panel-row-style-for-11511-0\" ><div id=\"pgc-11511-0-0\"  class=\"panel-grid-cell\" ><div id=\"panel-11511-0-0-0\" class=\"so-panel widget widget_sow-editor panel-first-child panel-last-child\" data-index=\"0\" ><div\n\t\t\t\n\t\t\tclass=\"so-widget-sow-editor so-widget-sow-editor-base\"\n\t\t\t\n\t\t>\n<div class=\"siteorigin-widget-tinymce textwidget\">\n\t<h2 style=\"text-align: center;\">Sede Regional<\/h2>\n<p style=\"text-align: center;\">Domingo:<\/p>\n<p style=\"text-align: center;\"><em>Campus Oeste<\/em><br \/>\n<strong>10:30 | 17:00 | 20:00<\/strong><\/p>\n<p style=\"text-align: center;\"><em>Campus Junco<\/em><br \/>\n<strong><em>08:30 | 17:30 | 19:30<\/em><\/strong><\/p>\n<\/div>\n<\/div><\/div><\/div><\/div><\/div><a id=\"bordas\"><\/a><div id=\"pg-11511-1\"  class=\"panel-grid panel-has-style\"  data-extraid=\"bordas\" ><div class=\"bordas panel-row-style panel-row-style-for-11511-1\" ><div id=\"pgc-11511-1-0\"  class=\"panel-grid-cell\" ><div id=\"panel-11511-1-0-0\" class=\"so-panel widget widget_sow-editor panel-first-child panel-last-child\" data-index=\"1\" ><div\n\t\t\t\n\t\t\tclass=\"so-widget-sow-editor so-widget-sow-editor-base\"\n\t\t\t\n\t\t>\n<div class=\"siteorigin-widget-tinymce textwidget\">\n\t<ul>\n<li>Nossos Cultos Presenciais est\u00e3o funcionando com lota\u00e7\u00e3o m\u00e1xima permitida, portanto\u00a0<strong>as vagas s\u00e3o limitadas e a disponibilidade de assentos \u00e9 por ordem de chegada;<\/strong><\/li>\n<li>O evento \u00e9 gratuito e iniciar\u00e1 pontualmente no hor\u00e1rio marcado. Pedimos que voc\u00ea chegue 10-15 minutos antes para garantir a sua vaga;<\/li>\n<li>No Paz Kids, sua crian\u00e7a aprende a Palavra de Deus atrav\u00e9s de atividades divertidas, enquanto voc\u00ea participa do Culto;<\/li>\n<li>Voc\u00ea pode estacionar o seu carro nas ruas pr\u00f3ximas \u00e0 nossa Sede;<\/li>\n<li>Ao final do culto, participe da confraterniza\u00e7\u00e3o com os irm\u00e3o, \u00f3timo momento de comunh\u00e3o;<\/li>\n<li>Visite o nosso Paz Coffee e se delicie com um lanche preparado especialmente para voc\u00ea.<\/li>\n<\/ul>\n<\/div>\n<\/div><\/div><\/div><\/div><\/div><a id=\"bordas\"><\/a><div id=\"pg-11511-2\"  class=\"panel-grid panel-has-style\"  data-extraid=\"bordas\" ><div class=\"bordas panel-row-style panel-row-style-for-11511-2\" ><div id=\"pgc-11511-2-0\"  class=\"panel-grid-cell\" ><div id=\"panel-11511-2-0-0\" class=\"so-panel widget widget_sow-icon panel-first-child panel-last-child\" data-index=\"2\" ><div\n\t\t\t\n\t\t\tclass=\"so-widget-sow-icon so-widget-sow-icon-default-1f7b01c75bc4-11511\"\n\t\t\t\n\t\t>\n<div class=\"sow-icon-container sow-icon\">\n\t\t\t<span class=\"sow-icon-elegantline\" data-sow-icon=\"&#xe002;\"\n\t\t \n\t\taria-hidden=\"true\"><\/span>\t<\/div>\n<\/div><\/div><\/div><div id=\"pgc-11511-2-1\"  class=\"panel-grid-cell\" ><div id=\"panel-11511-2-1-0\" class=\"so-panel widget widget_sow-editor panel-first-child panel-last-child\" data-index=\"3\" ><div class=\"panel-widget-style panel-widget-style-for-11511-2-1-0\" ><div\n\t\t\t\n\t\t\tclass=\"so-widget-sow-editor so-widget-sow-editor-base\"\n\t\t\t\n\t\t>\n<div class=\"siteorigin-widget-tinymce textwidget\">\n\t<p>Em breve transmitiremos o Culto Online<\/p>\n<\/div>\n<\/div><\/div><\/div><\/div><div id=\"pgc-11511-2-2\"  class=\"panel-grid-cell\" ><div id=\"panel-11511-2-2-0\" class=\"so-panel widget widget_sow-button panel-first-child panel-last-child\" data-index=\"4\" ><div\n\t\t\t\n\t\t\tclass=\"so-widget-sow-button so-widget-sow-button-flat-3c4835779939-11511\"\n\t\t\t\n\t\t><div class=\"ow-button-base ow-button-align-center\">\n\t<a\n\thref=\"https:\/\/paz.church\/sobral\/cultos\/\"\n\t\tclass=\"ow-icon-placement-left\" target=\"_blank\" rel=\"noopener noreferrer\" \t>\n\t\t<span>\n\t\t\t\n\t\t\tEm Breve\t\t<\/span>\n\t<\/a>\n<\/div>\n<\/div><\/div><\/div><\/div><\/div><\/div>","protected":false},"excerpt":{"rendered":"<p>Sede Regional Domingo: Campus Oeste 10:30 | 17:00 | 20:00 Campus Junco 08:30 | 17:30 | 19:30 Nossos Cultos Presenciais est\u00e3o funcionando com lota\u00e7\u00e3o m\u00e1xima permitida, portanto\u00a0as vagas s\u00e3o limitadas e a disponibilidade de assentos \u00e9 por ordem de chegada; O evento \u00e9 gratuito e iniciar\u00e1 pontualmente no hor\u00e1rio marcado. Pedimos que voc\u00ea chegue 10-15Continue reading &rarr;<\/p>\n","protected":false},"author":1,"featured_media":19577,"parent":0,"menu_order":0,"comment_status":"closed","ping_status":"closed","template":"","meta":{"_seopress_robots_primary_cat":"","footnotes":""},"class_list":["post-11511","page","type-page","status-publish","has-post-thumbnail","has-thumb"],"_links":{"self":[{"href":"https:\/\/paz.church\/sobral\/wp-json\/wp\/v2\/pages\/11511","targetHints":{"allow":["GET"]}}],"collection":[{"href":"https:\/\/paz.church\/sobral\/wp-json\/wp\/v2\/pages"}],"about":[{"href":"https:\/\/paz.church\/sobral\/wp-json\/wp\/v2\/types\/page"}],"author":[{"embeddable":true,"href":"https:\/\/paz.church\/sobral\/wp-json\/wp\/v2\/users\/1"}],"replies":[{"embeddable":true,"href":"https:\/\/paz.church\/sobral\/wp-json\/wp\/v2\/comments?post=11511"}],"version-history":[{"count":10,"href":"https:\/\/paz.church\/sobral\/wp-json\/wp\/v2\/pages\/11511\/revisions"}],"predecessor-version":[{"id":22221,"href":"https:\/\/paz.church\/sobral\/wp-json\/wp\/v2\/pages\/11511\/revisions\/22221"}],"wp:featuredmedia":[{"embeddable":true,"href":"https:\/\/paz.church\/sobral\/wp-json\/"}],"wp:attachment":[{"href":"https:\/\/paz.church\/sobral\/wp-json\/wp\/v2\/media?parent=11511"}],"curies":[{"name":"wp","href":"https:\/\/api.w.org\/{rel}","templated":true}]}}