{"id":1243,"date":"2018-12-11T21:08:04","date_gmt":"2018-12-11T23:08:04","guid":{"rendered":"https:\/\/paz.church\/saopaulo\/?page_id=1243"},"modified":"2025-04-01T16:42:53","modified_gmt":"2025-04-01T19:42:53","slug":"quem-somos","status":"publish","type":"page","link":"https:\/\/paz.church\/sobral\/quem-somos\/","title":{"rendered":"Quem Somos"},"content":{"rendered":"<div id=\"pl-1243\"  class=\"panel-layout\" ><a id=\"bordas\"><\/a><div id=\"pg-1243-0\"  class=\"panel-grid panel-has-style\"  data-extraid=\"bordas\" ><div class=\"bordas panel-row-style panel-row-style-for-1243-0\" id=\"quem\" ><div id=\"pgc-1243-0-0\"  class=\"panel-grid-cell\" ><div id=\"panel-1243-0-0-0\" class=\"so-panel widget widget_sow-editor panel-first-child panel-last-child\" data-index=\"0\" ><div\n\t\t\t\n\t\t\tclass=\"so-widget-sow-editor so-widget-sow-editor-base\"\n\t\t\t\n\t\t>\n<div class=\"siteorigin-widget-tinymce textwidget\">\n\t<p>A Paz Church Sobral \u00e9 uma fam\u00edlia que n\u00e3o para de crescer!<\/p>\n<p>Nossos cultos s\u00e3o vibrantes. A come\u00e7ar pela recep\u00e7\u00e3o calorosa de nossa Atmosfera. M\u00fasicas que embalam a sua devo\u00e7\u00e3o a Deus, tanto em um alegre e intenso louvor, quanto na mais profunda adora\u00e7\u00e3o. A ministra\u00e7\u00e3o da Palavra de Deus \u00e9 din\u00e2mica, com conhecimento, interativa e bem humorada. Com certeza marcar\u00e1 a sua vida.<\/p>\n<p>A Paz Sobral \u00e9 fruto do poderoso projeto Atos em A\u00e7\u00e3o. A ideia consiste em implantar grandes igrejas nas grandes metr\u00f3poles do mundo, todas organizadas em pequenos grupos e solidificadas em v\u00ednculos fortes e inquebr\u00e1veis de discipulado.<\/p>\n<p>Voc\u00ea e sua fam\u00edlia s\u00e3o os nossos convidados especiais.<\/p>\n<p><strong>Somos fam\u00edlia! Somos a Paz Church Sobral!<\/strong><\/p>\n<\/div>\n<\/div><\/div><\/div><\/div><\/div><div id=\"pg-1243-1\"  class=\"panel-grid panel-has-style\" ><div id=\"Team01\" class=\"panel-row-style panel-row-style-for-1243-1\" ><div id=\"pgc-1243-1-0\"  class=\"panel-grid-cell\" ><div id=\"colunas-widget\" class=\"panel-cell-style panel-cell-style-for-1243-1-0\" ><div id=\"panel-1243-1-0-0\" class=\"so-panel widget widget_sow-headline panel-first-child panel-last-child\" data-index=\"1\" ><div class=\"titulo panel-widget-style panel-widget-style-for-1243-1-0-0\" ><div\n\t\t\t\n\t\t\tclass=\"so-widget-sow-headline so-widget-sow-headline-default-3388173f7e62-1243\"\n\t\t\t\n\t\t><div class=\"sow-headline-container \">\n\t<h3 class='sow-headline'>MISS\u00c3O<\/h3><\/div>\n<\/div><\/div><\/div><\/div><\/div><\/div><\/div><a id=\"bordas\"><\/a><div id=\"pg-1243-2\"  class=\"panel-grid panel-has-style\"  data-extraid=\"bordas\" ><div class=\"bordas panel-row-style panel-row-style-for-1243-2\" id=\"quem\" ><div id=\"pgc-1243-2-0\"  class=\"panel-grid-cell\" ><div id=\"panel-1243-2-0-0\" class=\"so-panel widget widget_sow-editor panel-first-child panel-last-child\" data-index=\"2\" ><div\n\t\t\t\n\t\t\tclass=\"so-widget-sow-editor so-widget-sow-editor-base\"\n\t\t\t\n\t\t>\n<div class=\"siteorigin-widget-tinymce textwidget\">\n\t<p>Fazer disc\u00edpulos de Jesus que impactam o mundo inteiro com uma paix\u00e3o contagiante por Deus, um desejo insaci\u00e1vel por mais Dele, e uma vida transbordante com o Seu poder.<\/p>\n<\/div>\n<\/div><\/div><\/div><\/div><\/div><div id=\"pg-1243-3\"  class=\"panel-grid panel-has-style\" ><div id=\"Team01\" class=\"panel-row-style panel-row-style-for-1243-3\" ><div id=\"pgc-1243-3-0\"  class=\"panel-grid-cell\" ><div id=\"colunas-widget\" class=\"panel-cell-style panel-cell-style-for-1243-3-0\" ><div id=\"panel-1243-3-0-0\" class=\"so-panel widget widget_sow-headline panel-first-child panel-last-child\" data-index=\"3\" ><div class=\"titulo panel-widget-style panel-widget-style-for-1243-3-0-0\" ><div\n\t\t\t\n\t\t\tclass=\"so-widget-sow-headline so-widget-sow-headline-default-3388173f7e62-1243\"\n\t\t\t\n\t\t><div class=\"sow-headline-container \">\n\t<h3 class='sow-headline'>VIS\u00c3O<\/h3><\/div>\n<\/div><\/div><\/div><\/div><\/div><\/div><\/div><a id=\"bordas\"><\/a><div id=\"pg-1243-4\"  class=\"panel-grid panel-has-style\"  data-extraid=\"bordas\" ><div class=\"bordas panel-row-style panel-row-style-for-1243-4\" id=\"quem\" ><div id=\"pgc-1243-4-0\"  class=\"panel-grid-cell\" ><div id=\"panel-1243-4-0-0\" class=\"so-panel widget widget_sow-editor panel-first-child panel-last-child\" data-index=\"4\" ><div\n\t\t\t\n\t\t\tclass=\"so-widget-sow-editor so-widget-sow-editor-base\"\n\t\t\t\n\t\t>\n<div class=\"siteorigin-widget-tinymce textwidget\">\n\t<p>Ser um movimento de planta\u00e7\u00e3o de igrejas saud\u00e1veis e multiplicadoras, come\u00e7ando de onde estamos e avan\u00e7ando para todo o mundo.<\/p>\n<\/div>\n<\/div><\/div><\/div><\/div><\/div><div id=\"pg-1243-5\"  class=\"panel-grid panel-has-style\" ><div id=\"Team01\" class=\"panel-row-style panel-row-style-for-1243-5\" ><div id=\"pgc-1243-5-0\"  class=\"panel-grid-cell\" ><div id=\"colunas-widget\" class=\"panel-cell-style panel-cell-style-for-1243-5-0\" ><div id=\"panel-1243-5-0-0\" class=\"so-panel widget widget_sow-headline panel-first-child panel-last-child\" data-index=\"5\" ><div class=\"titulo panel-widget-style panel-widget-style-for-1243-5-0-0\" ><div\n\t\t\t\n\t\t\tclass=\"so-widget-sow-headline so-widget-sow-headline-default-3388173f7e62-1243\"\n\t\t\t\n\t\t><div class=\"sow-headline-container \">\n\t<h3 class='sow-headline'>PROP\u00d3SITO<\/h3><\/div>\n<\/div><\/div><\/div><\/div><\/div><\/div><\/div><a id=\"bordas\"><\/a><div id=\"pg-1243-6\"  class=\"panel-grid panel-has-style\"  data-extraid=\"bordas\" ><div class=\"bordas panel-row-style panel-row-style-for-1243-6\" id=\"quem\" ><div id=\"pgc-1243-6-0\"  class=\"panel-grid-cell\" ><div id=\"panel-1243-6-0-0\" class=\"so-panel widget widget_sow-editor panel-first-child panel-last-child\" data-index=\"6\" ><div\n\t\t\t\n\t\t\tclass=\"so-widget-sow-editor so-widget-sow-editor-base\"\n\t\t\t\n\t\t>\n<div class=\"siteorigin-widget-tinymce textwidget\">\n\t<ul>\n<li>Agradar e glorificar a Deus<\/li>\n<li>Ter profunda intimidade com Deus<\/li>\n<li>Fazer disc\u00edpulos que fa\u00e7am disc\u00edpulos no contexto das C\u00e9lulas<\/li>\n<li>Implantar o Reino de Deus, principalmente atrav\u00e9s da planta\u00e7\u00e3o de novas igrejas em Sobral, em todo o Estado do Cear\u00e1, no Brasil e no mundo<\/li>\n<\/ul>\n<\/div>\n<\/div><\/div><\/div><\/div><\/div><div id=\"pg-1243-7\"  class=\"panel-grid panel-has-style\" ><div id=\"Team01\" class=\"panel-row-style panel-row-style-for-1243-7\" ><div id=\"pgc-1243-7-0\"  class=\"panel-grid-cell\" ><div id=\"colunas-widget\" class=\"panel-cell-style panel-cell-style-for-1243-7-0\" ><div id=\"panel-1243-7-0-0\" class=\"so-panel widget widget_sow-headline panel-first-child panel-last-child\" data-index=\"7\" ><div class=\"titulo panel-widget-style panel-widget-style-for-1243-7-0-0\" id=\"valores\" ><div\n\t\t\t\n\t\t\tclass=\"so-widget-sow-headline so-widget-sow-headline-default-3388173f7e62-1243\"\n\t\t\t\n\t\t><div class=\"sow-headline-container \">\n\t<h3 class='sow-headline'>VALORES<\/h3><\/div>\n<\/div><\/div><\/div><\/div><\/div><\/div><\/div><a id=\"bordas\"><\/a><div id=\"pg-1243-8\"  class=\"panel-grid panel-has-style\"  data-extraid=\"bordas\" ><div class=\"bordas panel-row-style panel-row-style-for-1243-8\" id=\"barra02\" ><div id=\"pgc-1243-8-0\"  class=\"panel-grid-cell\" ><div id=\"panel-1243-8-0-0\" class=\"so-panel widget widget_siteorigin-panels-builder panel-first-child panel-last-child\" data-index=\"8\" ><div id=\"pl-w6356e328525cd\"  class=\"panel-layout\" ><div id=\"pg-w6356e328525cd-0\"  class=\"panel-grid panel-has-style\" ><div id=\"agenda\" class=\"panel-row-style panel-row-style-for-w6356e328525cd-0\" ><div id=\"pgc-w6356e328525cd-0-0\"  class=\"panel-grid-cell\" ><div id=\"panel-w6356e328525cd-0-0-0\" class=\"so-panel widget widget_sow-icon panel-first-child\" data-index=\"0\" ><div class=\"panel-widget-style panel-widget-style-for-w6356e328525cd-0-0-0\" ><div\n\t\t\t\n\t\t\tclass=\"so-widget-sow-icon so-widget-sow-icon-default-99ef402bf9f0\"\n\t\t\t\n\t\t>\n<div class=\"sow-icon-container sow-icon\">\n\t\t\t<span class=\"sow-icon-fontawesome sow-far\" data-sow-icon=\"&#xf14e;\"\n\t\t \n\t\taria-hidden=\"true\"><\/span>\t<\/div>\n<\/div><\/div><\/div><div id=\"panel-w6356e328525cd-0-0-1\" class=\"so-panel widget widget_sow-editor\" data-index=\"1\" ><div\n\t\t\t\n\t\t\tclass=\"so-widget-sow-editor so-widget-sow-editor-base\"\n\t\t\t\n\t\t><h3 class=\"widget-title\">Amar a Deus: Nossa Prioridade<\/h3>\n<div class=\"siteorigin-widget-tinymce textwidget\">\n\t<p>&nbsp;<\/p>\n<p style=\"text-align: center;\">Existimos para amar e adorar a Deus e viver em<\/p>\n<p style=\"text-align: center;\">profunda intimidade com Ele. Sem este<\/p>\n<p style=\"text-align: center;\">relacionamento, nada faz sentido.<\/p>\n<\/div>\n<\/div><\/div><div id=\"panel-w6356e328525cd-0-0-2\" class=\"so-panel widget widget_sow-icon\" data-index=\"2\" ><div class=\"panel-widget-style panel-widget-style-for-w6356e328525cd-0-0-2\" ><div\n\t\t\t\n\t\t\tclass=\"so-widget-sow-icon so-widget-sow-icon-default-99ef402bf9f0\"\n\t\t\t\n\t\t>\n<div class=\"sow-icon-container sow-icon\">\n\t\t\t<span class=\"sow-icon-fontawesome sow-far\" data-sow-icon=\"&#xf584;\"\n\t\t \n\t\taria-hidden=\"true\"><\/span>\t<\/div>\n<\/div><\/div><\/div><div id=\"panel-w6356e328525cd-0-0-3\" class=\"so-panel widget widget_sow-editor\" data-index=\"3\" ><div\n\t\t\t\n\t\t\tclass=\"so-widget-sow-editor so-widget-sow-editor-base\"\n\t\t\t\n\t\t><h3 class=\"widget-title\">Amar as Pessoas: Nossa Paix\u00e3o<\/h3>\n<div class=\"siteorigin-widget-tinymce textwidget\">\n\t<p>&nbsp;<\/p>\n<p style=\"text-align: center;\">Somos completamente apaixonados por pessoas,<\/p>\n<p style=\"text-align: center;\">pois acreditamos ser essa a principal forma de<\/p>\n<p style=\"text-align: center;\">expressarmos o amor de Deus.<\/p>\n<\/div>\n<\/div><\/div><div id=\"panel-w6356e328525cd-0-0-4\" class=\"so-panel widget widget_sow-icon\" data-index=\"4\" ><div class=\"panel-widget-style panel-widget-style-for-w6356e328525cd-0-0-4\" ><div\n\t\t\t\n\t\t\tclass=\"so-widget-sow-icon so-widget-sow-icon-default-99ef402bf9f0\"\n\t\t\t\n\t\t>\n<div class=\"sow-icon-container sow-icon\">\n\t\t\t<span class=\"sow-icon-fontawesome sow-far\" data-sow-icon=\"&#xf004;\"\n\t\t \n\t\taria-hidden=\"true\"><\/span>\t<\/div>\n<\/div><\/div><\/div><div id=\"panel-w6356e328525cd-0-0-5\" class=\"so-panel widget widget_sow-editor\" data-index=\"5\" ><div\n\t\t\t\n\t\t\tclass=\"so-widget-sow-editor so-widget-sow-editor-base\"\n\t\t\t\n\t\t><h3 class=\"widget-title\">C\u00e9lula: Nosso Cora\u00e7\u00e3o<\/h3>\n<div class=\"siteorigin-widget-tinymce textwidget\">\n\t<p>&nbsp;<\/p>\n<p style=\"text-align: center;\">A C\u00e9lula \u00e9 a igreja no lar e proporciona um ambiente<\/p>\n<p style=\"text-align: center;\">ideal para amar e servir uns aos outros.<\/p>\n<p>&nbsp;<\/p>\n<\/div>\n<\/div><\/div><div id=\"panel-w6356e328525cd-0-0-6\" class=\"so-panel widget widget_sow-icon\" data-index=\"6\" ><div class=\"panel-widget-style panel-widget-style-for-w6356e328525cd-0-0-6\" ><div\n\t\t\t\n\t\t\tclass=\"so-widget-sow-icon so-widget-sow-icon-default-99ef402bf9f0\"\n\t\t\t\n\t\t>\n<div class=\"sow-icon-container sow-icon\">\n\t\t\t<span class=\"sow-icon-fontawesome sow-far\" data-sow-icon=\"&#xf164;\"\n\t\t \n\t\taria-hidden=\"true\"><\/span>\t<\/div>\n<\/div><\/div><\/div><div id=\"panel-w6356e328525cd-0-0-7\" class=\"so-panel widget widget_sow-editor\" data-index=\"7\" ><div\n\t\t\t\n\t\t\tclass=\"so-widget-sow-editor so-widget-sow-editor-base\"\n\t\t\t\n\t\t><h3 class=\"widget-title\">Amor, F\u00e9 e Alegria: Nossas Caracter\u00edsticas<\/h3>\n<div class=\"siteorigin-widget-tinymce textwidget\">\n\t<p>&nbsp;<\/p>\n<p style=\"text-align: center;\">Fomos alcan\u00e7ados pelo amor, sabemos disso pela f\u00e9<\/p>\n<p style=\"text-align: center;\">e, por isso, somos cheios de alegria. Queremos estas<\/p>\n<p style=\"text-align: center;\">atitudes em tudo o que fazemos.<\/p>\n<\/div>\n<\/div><\/div><div id=\"panel-w6356e328525cd-0-0-8\" class=\"so-panel widget widget_sow-icon\" data-index=\"8\" ><div class=\"panel-widget-style panel-widget-style-for-w6356e328525cd-0-0-8\" ><div\n\t\t\t\n\t\t\tclass=\"so-widget-sow-icon so-widget-sow-icon-default-99ef402bf9f0\"\n\t\t\t\n\t\t>\n<div class=\"sow-icon-container sow-icon\">\n\t\t\t<span class=\"sow-icon-fontawesome sow-far\" data-sow-icon=\"&#xf256;\"\n\t\t \n\t\taria-hidden=\"true\"><\/span>\t<\/div>\n<\/div><\/div><\/div><div id=\"panel-w6356e328525cd-0-0-9\" class=\"so-panel widget widget_sow-editor panel-last-child\" data-index=\"9\" ><div\n\t\t\t\n\t\t\tclass=\"so-widget-sow-editor so-widget-sow-editor-base\"\n\t\t\t\n\t\t><h3 class=\"widget-title\">Servir: Nosso Chamado<\/h3>\n<div class=\"siteorigin-widget-tinymce textwidget\">\n\t<p>&nbsp;<\/p>\n<p style=\"text-align: center;\">Amamos servir porque entendemos que fomos<\/p>\n<p style=\"text-align: center;\">chamados para fazer parte do que Jesus est\u00e1 fazendo<\/p>\n<p style=\"text-align: center;\">na vida das pessoas.<\/p>\n<\/div>\n<\/div><\/div><\/div><div id=\"pgc-w6356e328525cd-0-1\"  class=\"panel-grid-cell\" ><div id=\"panel-w6356e328525cd-0-1-0\" class=\"so-panel widget widget_sow-icon panel-first-child\" data-index=\"10\" ><div class=\"panel-widget-style panel-widget-style-for-w6356e328525cd-0-1-0\" ><div\n\t\t\t\n\t\t\tclass=\"so-widget-sow-icon so-widget-sow-icon-default-99ef402bf9f0\"\n\t\t\t\n\t\t>\n<div class=\"sow-icon-container sow-icon\">\n\t\t\t<span class=\"sow-icon-fontawesome sow-far\" data-sow-icon=\"&#xf118;\"\n\t\t \n\t\taria-hidden=\"true\"><\/span>\t<\/div>\n<\/div><\/div><\/div><div id=\"panel-w6356e328525cd-0-1-1\" class=\"so-panel widget widget_sow-editor\" data-index=\"11\" ><div\n\t\t\t\n\t\t\tclass=\"so-widget-sow-editor so-widget-sow-editor-base\"\n\t\t\t\n\t\t><h3 class=\"widget-title\">Fam\u00edlia: Nossa Ess\u00eancia<\/h3>\n<div class=\"siteorigin-widget-tinymce textwidget\">\n\t<p>&nbsp;<\/p>\n<p style=\"text-align: center;\">A fam\u00edlia, criada por Deus, \u00e9 o alicerce da sociedade e<\/p>\n<p style=\"text-align: center;\">da igreja. Acreditamos que a fam\u00edlia saud\u00e1vel \u00e9<\/p>\n<p style=\"text-align: center;\">essencial para o bem-estar da humanidade.<\/p>\n<\/div>\n<\/div><\/div><div id=\"panel-w6356e328525cd-0-1-2\" class=\"so-panel widget widget_sow-icon\" data-index=\"12\" ><div class=\"panel-widget-style panel-widget-style-for-w6356e328525cd-0-1-2\" ><div\n\t\t\t\n\t\t\tclass=\"so-widget-sow-icon so-widget-sow-icon-default-99ef402bf9f0\"\n\t\t\t\n\t\t>\n<div class=\"sow-icon-container sow-icon\">\n\t\t\t<span class=\"sow-icon-fontawesome sow-far\" data-sow-icon=\"&#xf2b5;\"\n\t\t \n\t\taria-hidden=\"true\"><\/span>\t<\/div>\n<\/div><\/div><\/div><div id=\"panel-w6356e328525cd-0-1-3\" class=\"so-panel widget widget_sow-editor\" data-index=\"13\" ><div\n\t\t\t\n\t\t\tclass=\"so-widget-sow-editor so-widget-sow-editor-base\"\n\t\t\t\n\t\t><h3 class=\"widget-title\">Fazer Disc\u00edpulos: Nossa Miss\u00e3o<\/h3>\n<div class=\"siteorigin-widget-tinymce textwidget\">\n\t<p>&nbsp;<\/p>\n<p style=\"text-align: center;\">Nossa miss\u00e3o \u00e9 obedecer \u00e0 Grande Comiss\u00e3o,<\/p>\n<p style=\"text-align: center;\">fazendo disc\u00edpulos que verdadeiramente amam a<\/p>\n<p style=\"text-align: center;\">Deus e as pessoas.<\/p>\n<\/div>\n<\/div><\/div><div id=\"panel-w6356e328525cd-0-1-4\" class=\"so-panel widget widget_sow-icon\" data-index=\"14\" ><div class=\"panel-widget-style panel-widget-style-for-w6356e328525cd-0-1-4\" ><div\n\t\t\t\n\t\t\tclass=\"so-widget-sow-icon so-widget-sow-icon-default-99ef402bf9f0\"\n\t\t\t\n\t\t>\n<div class=\"sow-icon-container sow-icon\">\n\t\t\t<span class=\"sow-icon-fontawesome sow-fas\" data-sow-icon=\"&#xf51d;\"\n\t\t \n\t\taria-hidden=\"true\"><\/span>\t<\/div>\n<\/div><\/div><\/div><div id=\"panel-w6356e328525cd-0-1-5\" class=\"so-panel widget widget_sow-editor\" data-index=\"15\" ><div\n\t\t\t\n\t\t\tclass=\"so-widget-sow-editor so-widget-sow-editor-base\"\n\t\t\t\n\t\t><h3 class=\"widget-title\">Plantar Igrejas: Nossa Estrat\u00e9gia<\/h3>\n<div class=\"siteorigin-widget-tinymce textwidget\">\n\t<p>&nbsp;<\/p>\n<p style=\"text-align: center;\">Acreditamos que plantar igrejas locais \u00e9 a maneira<\/p>\n<p style=\"text-align: center;\">mais eficaz e b\u00edblica de se fazer miss\u00f5es e contar ao<\/p>\n<p style=\"text-align: center;\">mundo sobre o amor de Deus para com todos.<\/p>\n<\/div>\n<\/div><\/div><div id=\"panel-w6356e328525cd-0-1-6\" class=\"so-panel widget widget_sow-icon\" data-index=\"16\" ><div class=\"panel-widget-style panel-widget-style-for-w6356e328525cd-0-1-6\" ><div\n\t\t\t\n\t\t\tclass=\"so-widget-sow-icon so-widget-sow-icon-default-99ef402bf9f0\"\n\t\t\t\n\t\t>\n<div class=\"sow-icon-container sow-icon\">\n\t\t\t<span class=\"sow-icon-fontawesome sow-far\" data-sow-icon=\"&#xf3a5;\"\n\t\t \n\t\taria-hidden=\"true\"><\/span>\t<\/div>\n<\/div><\/div><\/div><div id=\"panel-w6356e328525cd-0-1-7\" class=\"so-panel widget widget_sow-editor\" data-index=\"17\" ><div\n\t\t\t\n\t\t\tclass=\"so-widget-sow-editor so-widget-sow-editor-base\"\n\t\t\t\n\t\t><h3 class=\"widget-title\">Generosidade: Nosso Privil\u00e9gio<\/h3>\n<div class=\"siteorigin-widget-tinymce textwidget\">\n\t<p>&nbsp;<\/p>\n<p style=\"text-align: center;\">Buscamos ser generosos com tudo que somos e<\/p>\n<p style=\"text-align: center;\">temos, como express\u00e3o do nosso amor por Deus e<\/p>\n<p style=\"text-align: center;\">pelas pessoas.<\/p>\n<p>&nbsp;<\/p>\n<\/div>\n<\/div><\/div><div id=\"panel-w6356e328525cd-0-1-8\" class=\"so-panel widget widget_sow-icon\" data-index=\"18\" ><div class=\"panel-widget-style panel-widget-style-for-w6356e328525cd-0-1-8\" ><div\n\t\t\t\n\t\t\tclass=\"so-widget-sow-icon so-widget-sow-icon-default-99ef402bf9f0\"\n\t\t\t\n\t\t>\n<div class=\"sow-icon-container sow-icon\">\n\t\t\t<span class=\"sow-icon-fontawesome sow-fas\" data-sow-icon=\"&#xf559;\"\n\t\t \n\t\taria-hidden=\"true\"><\/span>\t<\/div>\n<\/div><\/div><\/div><div id=\"panel-w6356e328525cd-0-1-9\" class=\"so-panel widget widget_sow-editor panel-last-child\" data-index=\"19\" ><div\n\t\t\t\n\t\t\tclass=\"so-widget-sow-editor so-widget-sow-editor-base\"\n\t\t\t\n\t\t><h3 class=\"widget-title\">Excel\u00eancia: Nosso Esp\u00edrito<\/h3>\n<div class=\"siteorigin-widget-tinymce textwidget\">\n\t<p>&nbsp;<\/p>\n<p style=\"text-align: center;\">Fazemos tudo com excel\u00eancia porque acreditamos<\/p>\n<p style=\"text-align: center;\">que isso glorifica a Deus, inspira pessoas e traz os<\/p>\n<p style=\"text-align: center;\">melhores resultados.<\/p>\n<\/div>\n<\/div><\/div><\/div><\/div><\/div><\/div><\/div><\/div><\/div><\/div><\/div>","protected":false},"excerpt":{"rendered":"<p>A Paz Church Sobral \u00e9 uma fam\u00edlia que n\u00e3o para de crescer! Nossos cultos s\u00e3o vibrantes. A come\u00e7ar pela recep\u00e7\u00e3o calorosa de nossa Atmosfera. M\u00fasicas que embalam a sua devo\u00e7\u00e3o a Deus, tanto em um alegre e intenso louvor, quanto na mais profunda adora\u00e7\u00e3o. A ministra\u00e7\u00e3o da Palavra de Deus \u00e9 din\u00e2mica, com conhecimento, interativaContinue reading &rarr;<\/p>\n","protected":false},"author":1,"featured_media":22430,"parent":0,"menu_order":0,"comment_status":"closed","ping_status":"closed","template":"","meta":{"_seopress_robots_primary_cat":"","footnotes":""},"class_list":["post-1243","page","type-page","status-publish","has-post-thumbnail","has-thumb"],"_links":{"self":[{"href":"https:\/\/paz.church\/sobral\/wp-json\/wp\/v2\/pages\/1243","targetHints":{"allow":["GET"]}}],"collection":[{"href":"https:\/\/paz.church\/sobral\/wp-json\/wp\/v2\/pages"}],"about":[{"href":"https:\/\/paz.church\/sobral\/wp-json\/wp\/v2\/types\/page"}],"author":[{"embeddable":true,"href":"https:\/\/paz.church\/sobral\/wp-json\/wp\/v2\/users\/1"}],"replies":[{"embeddable":true,"href":"https:\/\/paz.church\/sobral\/wp-json\/wp\/v2\/comments?post=1243"}],"version-history":[{"count":32,"href":"https:\/\/paz.church\/sobral\/wp-json\/wp\/v2\/pages\/1243\/revisions"}],"predecessor-version":[{"id":22429,"href":"https:\/\/paz.church\/sobral\/wp-json\/wp\/v2\/pages\/1243\/revisions\/22429"}],"wp:featuredmedia":[{"embeddable":true,"href":"https:\/\/paz.church\/sobral\/wp-json\/wp\/v2\/media\/22430"}],"wp:attachment":[{"href":"https:\/\/paz.church\/sobral\/wp-json\/wp\/v2\/media?parent=1243"}],"curies":[{"name":"wp","href":"https:\/\/api.w.org\/{rel}","templated":true}]}}