{"id":11511,"date":"2021-03-14T16:41:28","date_gmt":"2021-03-14T19:41:28","guid":{"rendered":"https:\/\/paz.church\/saopaulo\/?page_id=11511"},"modified":"2025-07-15T17:04:03","modified_gmt":"2025-07-15T20:04:03","slug":"cultos","status":"publish","type":"page","link":"https:\/\/paz.church\/sparnaiba\/cultos\/","title":{"rendered":"Cultos de Celebra\u00e7\u00e3o"},"content":{"rendered":"<div id=\"pl-11511\"  class=\"panel-layout\" ><a id=\"bordas\"><\/a><div id=\"pg-11511-0\"  class=\"panel-grid panel-has-style\"  data-extraid=\"bordas\" ><div class=\"bordas panel-row-style panel-row-style-for-11511-0\" ><div id=\"pgc-11511-0-0\"  class=\"panel-grid-cell\" ><div id=\"panel-11511-0-0-0\" class=\"so-panel widget widget_sow-image panel-first-child panel-last-child\" data-index=\"0\" ><div class=\"bordas-img panel-widget-style panel-widget-style-for-11511-0-0-0\" ><div\n\t\t\t\n\t\t\tclass=\"so-widget-sow-image so-widget-sow-image-default-8b5b6f678277-11511\"\n\t\t\t\n\t\t>\n<div class=\"sow-image-container\">\n\t\t<img loading=\"lazy\" decoding=\"async\" src=\"https:\/\/paz.church\/sparnaiba\/wp-content\/uploads\/2025\/04\/culto1.jpg\" width=\"426\" height=\"240\" srcset=\"https:\/\/paz.church\/sparnaiba\/wp-content\/uploads\/2025\/04\/culto1.jpg 1920w, https:\/\/paz.church\/sparnaiba\/wp-content\/uploads\/2025\/04\/culto1-300x169.jpg 300w, https:\/\/paz.church\/sparnaiba\/wp-content\/uploads\/2025\/04\/culto1-1024x577.jpg 1024w, https:\/\/paz.church\/sparnaiba\/wp-content\/uploads\/2025\/04\/culto1-768x432.jpg 768w, https:\/\/paz.church\/sparnaiba\/wp-content\/uploads\/2025\/04\/culto1-1536x865.jpg 1536w\" sizes=\"auto, (max-width: 426px) 100vw, 426px\" alt=\"\" \t\tclass=\"so-widget-image\"\/>\n\t<\/div>\n\n<\/div><\/div><\/div><\/div><div id=\"pgc-11511-0-1\"  class=\"panel-grid-cell\" ><div id=\"panel-11511-0-1-0\" class=\"so-panel widget widget_sow-editor panel-first-child\" data-index=\"1\" ><div\n\t\t\t\n\t\t\tclass=\"so-widget-sow-editor so-widget-sow-editor-base\"\n\t\t\t\n\t\t>\n<div class=\"siteorigin-widget-tinymce textwidget\">\n\t<h2 style=\"text-align: center; margin-bottom: 10px;\">Campus Centro S. Parna\u00edba<\/h2>\n<p style=\"text-align: center;\">Domingo: <strong>09h00<\/strong>\u00a0e <strong>18h00 (Tamb\u00e9m no YouTube)<\/strong><\/p>\n<p>&nbsp;<\/p>\n<h2 style=\"text-align: center;\"><strong>TADEL | Treinamento<br \/>\n<\/strong><\/h2>\n<p style=\"text-align: center;\">Ter\u00e7a:<strong> 20h (YouTube)<\/strong><\/p>\n<\/div>\n<\/div><\/div><div id=\"panel-11511-0-1-1\" class=\"so-panel widget widget_sow-button panel-last-child\" data-index=\"2\" ><div\n\t\t\t\n\t\t\tclass=\"so-widget-sow-button so-widget-sow-button-flat-ab2420ddd85f-11511\"\n\t\t\t\n\t\t><div class=\"ow-button-base ow-button-align-center\">\n\t\t\t<a\n\t\t\t\t\thref=\"https:\/\/paz.church\/sparnaiba\/campus\/\"\n\t\t\t\t\tclass=\"sowb-button ow-icon-placement-left\" \t>\n\t\t<span>\n\t\t\t\n\t\t\tNossos endere\u00e7os e hor\u00e1rios\t\t<\/span>\n\t\t\t<\/a>\n\t<\/div>\n<\/div><\/div><\/div><\/div><\/div><a id=\"bordas\"><\/a><div id=\"pg-11511-1\"  class=\"panel-grid panel-has-style\"  data-extraid=\"bordas\" ><div class=\"bordas panel-row-style panel-row-style-for-11511-1\" ><div id=\"pgc-11511-1-0\"  class=\"panel-grid-cell\" ><div id=\"panel-11511-1-0-0\" class=\"so-panel widget widget_sow-editor panel-first-child panel-last-child\" data-index=\"3\" ><div\n\t\t\t\n\t\t\tclass=\"so-widget-sow-editor so-widget-sow-editor-base\"\n\t\t\t\n\t\t>\n<div class=\"siteorigin-widget-tinymce textwidget\">\n\t<ul>\n<li>Nossos Cultos Presenciais est\u00e3o funcionando normalmente<\/li>\n<li>O evento \u00e9 gratuito e iniciar\u00e1 pontualmente no hor\u00e1rio marcado.<\/li>\n<li>No Paz Kids, sua crian\u00e7a aprende a Palavra de Deus atrav\u00e9s de atividades divertidas, enquanto voc\u00ea participa do Culto de Celebra\u00e7\u00e3o<\/li>\n<li>Voc\u00ea pode estacionar o seu carro em nosso estacionamento gratuito.<\/li>\n<\/ul>\n<\/div>\n<\/div><\/div><\/div><\/div><\/div><a id=\"bordas\"><\/a><div id=\"pg-11511-2\"  class=\"panel-grid panel-has-style\"  data-extraid=\"bordas\" ><div class=\"bordas panel-row-style panel-row-style-for-11511-2\" ><div id=\"pgc-11511-2-0\"  class=\"panel-grid-cell\" ><div id=\"panel-11511-2-0-0\" class=\"so-panel widget widget_sow-icon panel-first-child panel-last-child\" data-index=\"4\" ><div\n\t\t\t\n\t\t\tclass=\"so-widget-sow-icon so-widget-sow-icon-default-1f7b01c75bc4-11511\"\n\t\t\t\n\t\t>\n<div class=\"sow-icon-container sow-icon\">\n\t\t\t<span class=\"sow-icon-elegantline\" data-sow-icon=\"&#xe002;\"\n\t\t \n\t\taria-hidden=\"true\"><\/span>\t<\/div>\n<\/div><\/div><\/div><div id=\"pgc-11511-2-1\"  class=\"panel-grid-cell\" ><div id=\"panel-11511-2-1-0\" class=\"so-panel widget widget_sow-editor panel-first-child panel-last-child\" data-index=\"5\" ><div class=\"panel-widget-style panel-widget-style-for-11511-2-1-0\" ><div\n\t\t\t\n\t\t\tclass=\"so-widget-sow-editor so-widget-sow-editor-base\"\n\t\t\t\n\t\t>\n<div class=\"siteorigin-widget-tinymce textwidget\">\n\t<p>Transmitimos o Culto Online em nosso <a href=\"https:\/\/www.youtube.com\/c\/PazChurchSantanadeParna%C3%ADba\/streams\" target=\"_blank\" rel=\"noopener\"><strong>Canal do Youtube<\/strong><\/a>.<br \/>\nOnline - Domingo: \u00e0s 18h00<\/p>\n<\/div>\n<\/div><\/div><\/div><\/div><div id=\"pgc-11511-2-2\"  class=\"panel-grid-cell\" ><div id=\"panel-11511-2-2-0\" class=\"so-panel widget widget_sow-button panel-first-child panel-last-child\" data-index=\"6\" ><div\n\t\t\t\n\t\t\tclass=\"so-widget-sow-button so-widget-sow-button-flat-86c447547ddb-11511\"\n\t\t\t\n\t\t><div class=\"ow-button-base ow-button-align-center\">\n\t\t\t<a\n\t\t\t\t\thref=\"https:\/\/www.youtube.com\/c\/PazChurchSantanadeParna%C3%ADba\/streams\"\n\t\t\t\t\tclass=\"sowb-button ow-icon-placement-left\" target=\"_blank\" rel=\"noopener noreferrer\" \t>\n\t\t<span>\n\t\t\t\n\t\t\tClique aqui\t\t<\/span>\n\t\t\t<\/a>\n\t<\/div>\n<\/div><\/div><\/div><\/div><\/div><\/div>","protected":false},"excerpt":{"rendered":"<p>Campus Centro S. Parna\u00edba Domingo: 09h00\u00a0e 18h00 (Tamb\u00e9m no YouTube) &nbsp; TADEL | Treinamento Ter\u00e7a: 20h (YouTube) Nossos Cultos Presenciais est\u00e3o funcionando normalmente O evento \u00e9 gratuito e iniciar\u00e1 pontualmente no hor\u00e1rio marcado. No Paz Kids, sua crian\u00e7a aprende a Palavra de Deus atrav\u00e9s de atividades divertidas, enquanto voc\u00ea participa do Culto de Celebra\u00e7\u00e3o Voc\u00eaContinue reading &rarr;<\/p>\n","protected":false},"author":2,"featured_media":23287,"parent":0,"menu_order":0,"comment_status":"closed","ping_status":"closed","template":"","meta":{"_acf_changed":false,"_seopress_robots_primary_cat":"","_seopress_titles_title":"","_seopress_titles_desc":"","_seopress_robots_index":"","_joinchat":[],"footnotes":""},"class_list":["post-11511","page","type-page","status-publish","has-post-thumbnail","has-thumb"],"acf":[],"_links":{"self":[{"href":"https:\/\/paz.church\/sparnaiba\/wp-json\/wp\/v2\/pages\/11511","targetHints":{"allow":["GET"]}}],"collection":[{"href":"https:\/\/paz.church\/sparnaiba\/wp-json\/wp\/v2\/pages"}],"about":[{"href":"https:\/\/paz.church\/sparnaiba\/wp-json\/wp\/v2\/types\/page"}],"author":[{"embeddable":true,"href":"https:\/\/paz.church\/sparnaiba\/wp-json\/wp\/v2\/users\/2"}],"replies":[{"embeddable":true,"href":"https:\/\/paz.church\/sparnaiba\/wp-json\/wp\/v2\/comments?post=11511"}],"version-history":[{"count":4,"href":"https:\/\/paz.church\/sparnaiba\/wp-json\/wp\/v2\/pages\/11511\/revisions"}],"predecessor-version":[{"id":23620,"href":"https:\/\/paz.church\/sparnaiba\/wp-json\/wp\/v2\/pages\/11511\/revisions\/23620"}],"wp:featuredmedia":[{"embeddable":true,"href":"https:\/\/paz.church\/sparnaiba\/wp-json\/wp\/v2\/media\/23287"}],"wp:attachment":[{"href":"https:\/\/paz.church\/sparnaiba\/wp-json\/wp\/v2\/media?parent=11511"}],"curies":[{"name":"wp","href":"https:\/\/api.w.org\/{rel}","templated":true}]}}