{"id":14450,"date":"2021-06-17T02:33:51","date_gmt":"2021-06-17T05:33:51","guid":{"rendered":"https:\/\/paz.church\/saopaulo\/?page_id=14450"},"modified":"2025-04-29T09:40:54","modified_gmt":"2025-04-29T12:40:54","slug":"contribua","status":"publish","type":"page","link":"https:\/\/paz.church\/sparnaiba\/contribua\/","title":{"rendered":"Contribua"},"content":{"rendered":"<div id=\"pl-14450\"  class=\"panel-layout\" ><a id=\"bordas\"><\/a><div id=\"pg-14450-0\"  class=\"panel-grid panel-has-style\"  data-extraid=\"bordas\" ><div class=\"bordas panel-row-style panel-row-style-for-14450-0\" ><div id=\"pgc-14450-0-0\"  class=\"panel-grid-cell\" ><div id=\"panel-14450-0-0-0\" class=\"so-panel widget widget_sow-editor panel-first-child panel-last-child\" data-index=\"0\" ><div\n\t\t\t\n\t\t\tclass=\"so-widget-sow-editor so-widget-sow-editor-base\"\n\t\t\t\n\t\t>\n<div class=\"siteorigin-widget-tinymce textwidget\">\n\t<p>Sua generosidade est\u00e1 transformando o mundo! O avan\u00e7o do Reino de Deus em v\u00e1rios pa\u00edses, a restaura\u00e7\u00e3o de fam\u00edlias e o socorro aos necessitados atrav\u00e9s da a\u00e7\u00e3o social da igreja, tem sido beneficiados com o seu fiel apoio financeiro.<\/p>\n<p>Contribua a qualquer hora, em qualquer lugar.<\/p>\n<\/div>\n<\/div><\/div><\/div><\/div><\/div><a id=\"bordas\"><\/a><div id=\"pg-14450-1\"  class=\"panel-grid panel-has-style\"  data-extraid=\"bordas\" ><div class=\"bordas panel-row-style panel-row-style-for-14450-1\" ><div id=\"pgc-14450-1-0\"  class=\"panel-grid-cell\" ><div id=\"panel-14450-1-0-0\" class=\"so-panel widget widget_sow-editor panel-first-child panel-last-child\" data-index=\"1\" ><div\n\t\t\t\n\t\t\tclass=\"so-widget-sow-editor so-widget-sow-editor-base\"\n\t\t\t\n\t\t>\n<div class=\"siteorigin-widget-tinymce textwidget\">\n\t<p><strong>Descri\u00e7\u00e3o da nossa conta principal:<\/strong><br \/>\n<strong>Favorecido<\/strong>: Igreja da Paz em Barueri - N\u00facleo Santana de Parna\u00edba | CNPJ: 03.139.810\/0002-00<\/p>\n<\/div>\n<\/div><\/div><\/div><\/div><\/div><div id=\"pg-14450-2\"  class=\"panel-grid panel-has-style\" ><div id=\"Team01\" class=\"panel-row-style panel-row-style-for-14450-2\" ><div id=\"pgc-14450-2-0\"  class=\"panel-grid-cell\" ><div id=\"colunas-widget\" class=\"panel-cell-style panel-cell-style-for-14450-2-0\" ><div id=\"panel-14450-2-0-0\" class=\"so-panel widget widget_sow-headline panel-first-child panel-last-child\" data-index=\"2\" ><div class=\"titulo panel-widget-style panel-widget-style-for-14450-2-0-0\" ><div\n\t\t\t\n\t\t\tclass=\"so-widget-sow-headline so-widget-sow-headline-default-4630e17ce972-14450\"\n\t\t\t\n\t\t><div class=\"sow-headline-container \">\n\t\t\t\t\t\t\t<h3 class=\"sow-headline\">\n\t\t\t\t\t\tCONTAS E PIX\t\t\t\t\t\t<\/h3>\n\t\t\t\t\t\t<\/div>\n<\/div><\/div><\/div><\/div><\/div><\/div><\/div><div id=\"pg-14450-3\"  class=\"panel-grid panel-has-style\" ><div id=\"contas\" class=\"panel-row-style panel-row-style-for-14450-3\" ><div id=\"pgc-14450-3-0\"  class=\"panel-grid-cell\" ><div class=\"bordas panel-cell-style panel-cell-style-for-14450-3-0\" ><div id=\"panel-14450-3-0-0\" class=\"so-panel widget widget_sow-editor panel-first-child\" data-index=\"3\" ><div\n\t\t\t\n\t\t\tclass=\"so-widget-sow-editor so-widget-sow-editor-base\"\n\t\t\t\n\t\t><h3 class=\"widget-title\">N\u00facleo Santana de Parna\u00edba<\/h3>\n<div class=\"siteorigin-widget-tinymce textwidget\">\n\t<p><strong>D\u00edzimos e Ofertas<br \/>\nIta\u00fa\u00a0(Banco 341)<\/strong><br \/>\nAg\u00eancia: 8850 | CC: 20651-0<br \/>\nPix\/CNPJ: 03.139.810\/0002-00<br \/>\nPix\/QR Code:<\/p>\n<\/div>\n<\/div><\/div><div id=\"panel-14450-3-0-1\" class=\"so-panel widget widget_sow-image panel-last-child\" data-index=\"4\" ><div\n\t\t\t\n\t\t\tclass=\"so-widget-sow-image so-widget-sow-image-default-d856d782ea5f-14450\"\n\t\t\t\n\t\t>\n<div class=\"sow-image-container\">\n\t\t<img loading=\"lazy\" decoding=\"async\" src=\"https:\/\/paz.church\/sparnaiba\/wp-content\/uploads\/2025\/04\/QR-Dizimos-e-Ofertas-2.jpg\" width=\"201\" height=\"177\" sizes=\"auto, (max-width: 201px) 100vw, 201px\" title=\"QR-Dizimos-e-Ofertas\" alt=\"\" \t\tclass=\"so-widget-image\"\/>\n\t<\/div>\n\n<\/div><\/div><\/div><\/div><div id=\"pgc-14450-3-1\"  class=\"panel-grid-cell\" ><div class=\"bordas panel-cell-style panel-cell-style-for-14450-3-1\" ><div id=\"panel-14450-3-1-0\" class=\"so-panel widget widget_sow-editor panel-first-child\" data-index=\"5\" ><div\n\t\t\t\n\t\t\tclass=\"so-widget-sow-editor so-widget-sow-editor-base\"\n\t\t\t\n\t\t><h3 class=\"widget-title\">Amor em A\u00e7\u00e3o<\/h3>\n<div class=\"siteorigin-widget-tinymce textwidget\">\n\t<p><strong>Banco: Cora<\/strong><br \/>\n<strong>Favorecido: Ong Paz<\/strong><br \/>\nChave Pix: 11911916879<br \/>\nPix\/QR Code:<\/p>\n<\/div>\n<\/div><\/div><div id=\"panel-14450-3-1-1\" class=\"so-panel widget widget_sow-image panel-last-child\" data-index=\"6\" ><div\n\t\t\t\n\t\t\tclass=\"so-widget-sow-image so-widget-sow-image-default-d856d782ea5f-14450\"\n\t\t\t\n\t\t>\n<div class=\"sow-image-container\">\n\t\t<img loading=\"lazy\" decoding=\"async\" src=\"https:\/\/paz.church\/sparnaiba\/wp-content\/uploads\/2025\/04\/Amor-em-acao.jpg\" width=\"201\" height=\"177\" sizes=\"auto, (max-width: 201px) 100vw, 201px\" alt=\"\" \t\tclass=\"so-widget-image\"\/>\n\t<\/div>\n\n<\/div><\/div><\/div><\/div><\/div><\/div><\/div>","protected":false},"excerpt":{"rendered":"<p>Sua generosidade est\u00e1 transformando o mundo! O avan\u00e7o do Reino de Deus em v\u00e1rios pa\u00edses, a restaura\u00e7\u00e3o de fam\u00edlias e o socorro aos necessitados atrav\u00e9s da a\u00e7\u00e3o social da igreja, tem sido beneficiados com o seu fiel apoio financeiro. Contribua a qualquer hora, em qualquer lugar. Descri\u00e7\u00e3o da nossa conta principal: Favorecido: Igreja da PazContinue reading &rarr;<\/p>\n","protected":false},"author":2,"featured_media":10708,"parent":0,"menu_order":0,"comment_status":"closed","ping_status":"closed","template":"","meta":{"_acf_changed":false,"_seopress_robots_primary_cat":"","_seopress_titles_title":"","_seopress_titles_desc":"","_seopress_robots_index":"","_joinchat":[],"footnotes":""},"class_list":["post-14450","page","type-page","status-publish","has-post-thumbnail","has-thumb"],"acf":[],"_links":{"self":[{"href":"https:\/\/paz.church\/sparnaiba\/wp-json\/wp\/v2\/pages\/14450","targetHints":{"allow":["GET"]}}],"collection":[{"href":"https:\/\/paz.church\/sparnaiba\/wp-json\/wp\/v2\/pages"}],"about":[{"href":"https:\/\/paz.church\/sparnaiba\/wp-json\/wp\/v2\/types\/page"}],"author":[{"embeddable":true,"href":"https:\/\/paz.church\/sparnaiba\/wp-json\/wp\/v2\/users\/2"}],"replies":[{"embeddable":true,"href":"https:\/\/paz.church\/sparnaiba\/wp-json\/wp\/v2\/comments?post=14450"}],"version-history":[{"count":7,"href":"https:\/\/paz.church\/sparnaiba\/wp-json\/wp\/v2\/pages\/14450\/revisions"}],"predecessor-version":[{"id":23355,"href":"https:\/\/paz.church\/sparnaiba\/wp-json\/wp\/v2\/pages\/14450\/revisions\/23355"}],"wp:featuredmedia":[{"embeddable":true,"href":"https:\/\/paz.church\/sparnaiba\/wp-json\/"}],"wp:attachment":[{"href":"https:\/\/paz.church\/sparnaiba\/wp-json\/wp\/v2\/media?parent=14450"}],"curies":[{"name":"wp","href":"https:\/\/api.w.org\/{rel}","templated":true}]}}