{"id":17573,"date":"2021-12-06T15:16:06","date_gmt":"2021-12-06T18:16:06","guid":{"rendered":"https:\/\/paz.church\/saopaulo\/?page_id=17573"},"modified":"2025-04-29T11:06:02","modified_gmt":"2025-04-29T14:06:02","slug":"campus","status":"publish","type":"page","link":"https:\/\/paz.church\/sparnaiba\/campus\/","title":{"rendered":"Nosso C\u00e2mpus"},"content":{"rendered":"<div id=\"pl-17573\"  class=\"panel-layout\" ><a id=\"bordas\"><\/a><div id=\"pg-17573-0\"  class=\"panel-grid panel-has-style\"  data-extraid=\"bordas\" ><div class=\"bordas panel-row-style panel-row-style-for-17573-0\" ><div id=\"pgc-17573-0-0\"  class=\"panel-grid-cell\" ><div id=\"panel-17573-0-0-0\" class=\"so-panel widget widget_siteorigin-panels-builder panel-first-child panel-last-child\" data-index=\"0\" ><div id=\"agenda\" class=\"panel-widget-style panel-widget-style-for-17573-0-0-0\" ><div id=\"pl-w6810dcc9e7e08\"  class=\"panel-layout\" ><div id=\"pg-w6810dcc9e7e08-0\"  class=\"panel-grid panel-no-style\" ><div id=\"pgc-w6810dcc9e7e08-0-0\"  class=\"panel-grid-cell\" ><div id=\"panel-w6810dcc9e7e08-0-0-0\" class=\"widget_text so-panel widget widget_custom_html panel-first-child panel-last-child\" data-index=\"0\" ><div class=\"textwidget custom-html-widget\"><iframe src=\"https:\/\/www.google.com\/maps\/embed?pb=!1m18!1m12!1m3!1d3660.4837749575463!2d-46.921551323770345!3d-23.443008057256545!2m3!1f0!2f0!3f0!3m2!1i1024!2i768!4f13.1!3m3!1m2!1s0x94cf1b465ed779ed%3A0xc7b603c7e7385a64!2sPaz%20Church!5e0!3m2!1spt-BR!2sbr!4v1745934914444!5m2!1spt-BR!2sbr\" width=\"450\" height=\"450\" style=\"border:0;\" allowfullscreen=\"\" loading=\"lazy\" referrerpolicy=\"no-referrer-when-downgrade\"><\/iframe><\/div><\/div><\/div><div id=\"pgc-w6810dcc9e7e08-0-1\"  class=\"panel-grid-cell\" ><div id=\"panel-w6810dcc9e7e08-0-1-0\" class=\"so-panel widget widget_sow-headline panel-first-child\" data-index=\"1\" ><div class=\"panel-widget-style panel-widget-style-for-w6810dcc9e7e08-0-1-0\" ><div\n\t\t\t\n\t\t\tclass=\"so-widget-sow-headline so-widget-sow-headline-default-60d9f67072e9\"\n\t\t\t\n\t\t><div class=\"sow-headline-container \">\n\t\t\t\t\t\t\t<h3 class=\"sow-headline\">\n\t\t\t\t\t\tCampus Centro S. Parna\u00edba\t\t\t\t\t\t<\/h3>\n\t\t\t\t\t\t\t\t\t\t\t\t<p class=\"sow-sub-headline\">\n\t\t\t\t\t\tEstrada dos Romeiros, 10.227, Centro, Santana de Parna\u00edba, SP\t\t\t\t\t\t<\/p>\n\t\t\t\t\t\t<\/div>\n<\/div><\/div><\/div><div id=\"panel-w6810dcc9e7e08-0-1-1\" class=\"so-panel widget widget_sow-editor\" data-index=\"2\" ><div\n\t\t\t\n\t\t\tclass=\"so-widget-sow-editor so-widget-sow-editor-base\"\n\t\t\t\n\t\t>\n<div class=\"siteorigin-widget-tinymce textwidget\">\n\t<p style=\"text-align: left;\"><strong>Cultos de Celebra\u00e7\u00e3o<br \/>\n<\/strong>Domingo: 9h e 18h<\/p>\n<\/div>\n<\/div><\/div><div id=\"panel-w6810dcc9e7e08-0-1-2\" class=\"so-panel widget widget_sow-editor\" data-index=\"3\" ><div\n\t\t\t\n\t\t\tclass=\"so-widget-sow-editor so-widget-sow-editor-base\"\n\t\t\t\n\t\t>\n<div class=\"siteorigin-widget-tinymce textwidget\">\n\t<p><strong>TADEL | Treinamento<br \/>\n<\/strong>Ter\u00e7a: 20h (YouTube)<\/p>\n<\/div>\n<\/div><\/div><div id=\"panel-w6810dcc9e7e08-0-1-3\" class=\"so-panel widget widget_sow-button panel-last-child\" data-index=\"4\" ><div\n\t\t\t\n\t\t\tclass=\"so-widget-sow-button so-widget-sow-button-flat-00387735a171\"\n\t\t\t\n\t\t><div class=\"ow-button-base ow-button-align-left\">\n\t\t\t<a\n\t\t\t\t\thref=\"https:\/\/paz.church\/sparnaiba\/agenda\"\n\t\t\t\t\tclass=\"sowb-button ow-icon-placement-left ow-button-hover\" \t>\n\t\t<span>\n\t\t\t\n\t\t\tAgenda Completa\t\t<\/span>\n\t\t\t<\/a>\n\t<\/div>\n<\/div><\/div><\/div><\/div><\/div><\/div><\/div><\/div><\/div><\/div><\/div>","protected":false},"excerpt":{"rendered":"<p>Campus Centro S. Parna\u00edba Estrada dos Romeiros, 10.227, Centro, Santana de Parna\u00edba, SP Cultos de Celebra\u00e7\u00e3o Domingo: 9h e 18h TADEL | Treinamento Ter\u00e7a: 20h (YouTube) Agenda Completa<\/p>\n","protected":false},"author":1,"featured_media":23258,"parent":0,"menu_order":0,"comment_status":"closed","ping_status":"closed","template":"","meta":{"_acf_changed":false,"_seopress_robots_primary_cat":"","_seopress_titles_title":"","_seopress_titles_desc":"","_seopress_robots_index":"","_joinchat":[],"footnotes":""},"class_list":["post-17573","page","type-page","status-publish","has-post-thumbnail","has-thumb"],"acf":[],"_links":{"self":[{"href":"https:\/\/paz.church\/sparnaiba\/wp-json\/wp\/v2\/pages\/17573","targetHints":{"allow":["GET"]}}],"collection":[{"href":"https:\/\/paz.church\/sparnaiba\/wp-json\/wp\/v2\/pages"}],"about":[{"href":"https:\/\/paz.church\/sparnaiba\/wp-json\/wp\/v2\/types\/page"}],"author":[{"embeddable":true,"href":"https:\/\/paz.church\/sparnaiba\/wp-json\/wp\/v2\/users\/1"}],"replies":[{"embeddable":true,"href":"https:\/\/paz.church\/sparnaiba\/wp-json\/wp\/v2\/comments?post=17573"}],"version-history":[{"count":11,"href":"https:\/\/paz.church\/sparnaiba\/wp-json\/wp\/v2\/pages\/17573\/revisions"}],"predecessor-version":[{"id":23366,"href":"https:\/\/paz.church\/sparnaiba\/wp-json\/wp\/v2\/pages\/17573\/revisions\/23366"}],"wp:featuredmedia":[{"embeddable":true,"href":"https:\/\/paz.church\/sparnaiba\/wp-json\/wp\/v2\/media\/23258"}],"wp:attachment":[{"href":"https:\/\/paz.church\/sparnaiba\/wp-json\/wp\/v2\/media?parent=17573"}],"curies":[{"name":"wp","href":"https:\/\/api.w.org\/{rel}","templated":true}]}}