{"id":19631,"date":"2022-07-14T14:50:41","date_gmt":"2022-07-14T17:50:41","guid":{"rendered":"https:\/\/paz.church\/saopaulo\/?page_id=19631"},"modified":"2025-04-29T14:49:52","modified_gmt":"2025-04-29T17:49:52","slug":"seja-um-voluntario","status":"publish","type":"page","link":"https:\/\/paz.church\/sparnaiba\/seja-um-voluntario\/","title":{"rendered":"Seja um volunt\u00e1rio"},"content":{"rendered":"<div id=\"pl-19631\"  class=\"panel-layout\" ><a id=\"bordas\"><\/a><div id=\"pg-19631-0\"  class=\"panel-grid panel-has-style\"  data-extraid=\"bordas\" ><div class=\"bordas panel-row-style panel-row-style-for-19631-0\" id=\"ministerios\" ><div id=\"pgc-19631-0-0\"  class=\"panel-grid-cell\" ><div id=\"panel-19631-0-0-0\" class=\"so-panel widget widget_sow-editor panel-first-child panel-last-child\" data-index=\"0\" ><div class=\"panel-widget-style panel-widget-style-for-19631-0-0-0\" ><div\n\t\t\t\n\t\t\tclass=\"so-widget-sow-editor so-widget-sow-editor-base\"\n\t\t\t\n\t\t><h3 class=\"widget-title\">Nossa Cultura<\/h3>\n<div class=\"siteorigin-widget-tinymce textwidget\">\n\t<p><strong>A Cultura do Voluntariado<\/strong><\/p>\n<p>Cremos, verdadeiramente, que ser um volunt\u00e1rio na Igreja (em qualquer \u00e1rea ou minist\u00e9rio) \u00e9 uma tarefa t\u00e3o santa quanto ministrar o louvor ou pregar a Palavra. O nosso objetivo \u00e9 o mesmo:\u00a0<strong>derramar o Amor de Deus sobre as pessoas!<\/strong><\/p>\n<p>Quando, ao final de um culto, uma pessoa decide se entregar totalmente a Cristo, todas as pessoas que serviram naquele culto t\u00eam participa\u00e7\u00e3o nisso! Somos um time, e o papel que cada volunt\u00e1rio desempenha \u00e9 essencial para que mais pessoas conhe\u00e7am a Jesus.<\/p>\n<p>Todas as atividades que os volunt\u00e1rios exercem se tornam as mais empolgantes e importantes do mundo quando se entende que por tr\u00e1s disso tudo existe um prop\u00f3sito:\u00a0<strong>salvar vidas!<\/strong><\/p>\n<p>A Paz Church Santana de Parna\u00edba d\u00e1 a voc\u00ea a oportunidade de fazer parte de nosso time de volunt\u00e1rios para cuidar das pessoas e servir na obra do Senhor. Temos minist\u00e9rios de entrada que recomendamos para voc\u00ea servir como volunt\u00e1rio. Conhe\u00e7a um pouco mais sobre cada um e se envolva nesse precioso servi\u00e7o do Reino de Deus. Caso queira servir, fa\u00e7a a sua inscri\u00e7\u00e3o no final da p\u00e1gina.<\/p>\n<\/div>\n<\/div><\/div><\/div><\/div><\/div><\/div><div id=\"pg-19631-1\"  class=\"panel-grid panel-has-style\" ><div class=\"siteorigin-panels-stretch panel-row-style panel-row-style-for-19631-1\" id=\"Team01\" data-stretch-type=\"full\" ><div id=\"pgc-19631-1-0\"  class=\"panel-grid-cell\" ><div id=\"colunas-widget\" class=\"panel-cell-style panel-cell-style-for-19631-1-0\" ><div id=\"panel-19631-1-0-0\" class=\"so-panel widget widget_sow-headline panel-first-child panel-last-child\" data-index=\"1\" ><div class=\"titulo panel-widget-style panel-widget-style-for-19631-1-0-0\" id=\"ministerios\" ><div\n\t\t\t\n\t\t\tclass=\"so-widget-sow-headline so-widget-sow-headline-default-f7a5dc35bfba-19631\"\n\t\t\t\n\t\t><div class=\"sow-headline-container \">\n\t\t\t\t\t\t\t<h3 class=\"sow-headline\">\n\t\t\t\t\t\tMinist\u00e9rios de Entrada\t\t\t\t\t\t<\/h3>\n\t\t\t\t\t\t<\/div>\n<\/div><\/div><\/div><\/div><\/div><\/div><\/div><a id=\"bordas\"><\/a><div id=\"pg-19631-2\"  class=\"panel-grid panel-has-style\"  data-extraid=\"bordas\" ><div class=\"bordas panel-row-style panel-row-style-for-19631-2\" id=\"ministerios\" ><div id=\"pgc-19631-2-0\"  class=\"panel-grid-cell\" ><div id=\"panel-19631-2-0-0\" class=\"so-panel widget widget_sow-image panel-first-child panel-last-child\" data-index=\"2\" ><div\n\t\t\t\n\t\t\tclass=\"so-widget-sow-image so-widget-sow-image-default-e2a4974cceb4-19631\"\n\t\t\t\n\t\t>\n<div class=\"sow-image-container\">\n\t\t<img loading=\"lazy\" decoding=\"async\" src=\"https:\/\/paz.church\/sparnaiba\/wp-content\/uploads\/2025\/04\/atmosfera-1.jpg\" width=\"1080\" height=\"1080\" srcset=\"https:\/\/paz.church\/sparnaiba\/wp-content\/uploads\/2025\/04\/atmosfera-1.jpg 1080w, https:\/\/paz.church\/sparnaiba\/wp-content\/uploads\/2025\/04\/atmosfera-1-300x300.jpg 300w, https:\/\/paz.church\/sparnaiba\/wp-content\/uploads\/2025\/04\/atmosfera-1-1024x1024.jpg 1024w, https:\/\/paz.church\/sparnaiba\/wp-content\/uploads\/2025\/04\/atmosfera-1-150x150.jpg 150w, https:\/\/paz.church\/sparnaiba\/wp-content\/uploads\/2025\/04\/atmosfera-1-768x768.jpg 768w, https:\/\/paz.church\/sparnaiba\/wp-content\/uploads\/2025\/04\/atmosfera-1-75x75.jpg 75w\" sizes=\"auto, (max-width: 1080px) 100vw, 1080px\" title=\"atmosfera\" alt=\"\" \t\tclass=\"so-widget-image\"\/>\n\t<\/div>\n\n<\/div><\/div><\/div><div id=\"pgc-19631-2-1\"  class=\"panel-grid-cell\" ><div id=\"panel-19631-2-1-0\" class=\"so-panel widget widget_sow-editor panel-first-child panel-last-child\" data-index=\"3\" ><div class=\"panel-widget-style panel-widget-style-for-19631-2-1-0\" ><div\n\t\t\t\n\t\t\tclass=\"so-widget-sow-editor so-widget-sow-editor-base\"\n\t\t\t\n\t\t><h3 class=\"widget-title\">Atmosfera<\/h3>\n<div class=\"siteorigin-widget-tinymce textwidget\">\n\t<p>Nosso objetivo \u00e9 garantir que nossos membros e convidados sejam super bem recebidos em nossa Igreja.<\/p>\n<\/div>\n<\/div><\/div><\/div><\/div><\/div><\/div><a id=\"bordas\"><\/a><div id=\"pg-19631-3\"  class=\"panel-grid panel-has-style\"  data-extraid=\"bordas\" ><div class=\"bordas panel-row-style panel-row-style-for-19631-3\" id=\"ministerios\" ><div id=\"pgc-19631-3-0\"  class=\"panel-grid-cell\" ><div id=\"panel-19631-3-0-0\" class=\"so-panel widget widget_sow-image panel-first-child panel-last-child\" data-index=\"4\" ><div\n\t\t\t\n\t\t\tclass=\"so-widget-sow-image so-widget-sow-image-default-8b5b6f678277-19631\"\n\t\t\t\n\t\t>\n<div class=\"sow-image-container\">\n\t\t<img loading=\"lazy\" decoding=\"async\" src=\"https:\/\/paz.church\/sparnaiba\/wp-content\/uploads\/2025\/04\/amor-em-acao-1.jpg\" width=\"1080\" height=\"1080\" srcset=\"https:\/\/paz.church\/sparnaiba\/wp-content\/uploads\/2025\/04\/amor-em-acao-1.jpg 1080w, https:\/\/paz.church\/sparnaiba\/wp-content\/uploads\/2025\/04\/amor-em-acao-1-300x300.jpg 300w, https:\/\/paz.church\/sparnaiba\/wp-content\/uploads\/2025\/04\/amor-em-acao-1-1024x1024.jpg 1024w, https:\/\/paz.church\/sparnaiba\/wp-content\/uploads\/2025\/04\/amor-em-acao-1-150x150.jpg 150w, https:\/\/paz.church\/sparnaiba\/wp-content\/uploads\/2025\/04\/amor-em-acao-1-768x768.jpg 768w, https:\/\/paz.church\/sparnaiba\/wp-content\/uploads\/2025\/04\/amor-em-acao-1-75x75.jpg 75w\" sizes=\"auto, (max-width: 1080px) 100vw, 1080px\" title=\"amor-em-acao\" alt=\"\" \t\tclass=\"so-widget-image\"\/>\n\t<\/div>\n\n<\/div><\/div><\/div><div id=\"pgc-19631-3-1\"  class=\"panel-grid-cell\" ><div id=\"panel-19631-3-1-0\" class=\"so-panel widget widget_sow-editor panel-first-child panel-last-child\" data-index=\"5\" ><div class=\"panel-widget-style panel-widget-style-for-19631-3-1-0\" ><div\n\t\t\t\n\t\t\tclass=\"so-widget-sow-editor so-widget-sow-editor-base\"\n\t\t\t\n\t\t><h3 class=\"widget-title\">Amor em A\u00e7\u00e3o<\/h3>\n<div class=\"siteorigin-widget-tinymce textwidget\">\n\t<p>As \u00e1reas de atua\u00e7\u00e3o s\u00e3o diversas e todas elas est\u00e3o voltadas ao \u00e2mbito da A\u00e7\u00e3o Social, do socorro ao necessitado.<\/p>\n<\/div>\n<\/div><\/div><\/div><\/div><\/div><\/div><a id=\"bordas\"><\/a><div id=\"pg-19631-4\"  class=\"panel-grid panel-has-style\"  data-extraid=\"bordas\" ><div class=\"bordas panel-row-style panel-row-style-for-19631-4\" id=\"ministerios\" ><div id=\"pgc-19631-4-0\"  class=\"panel-grid-cell\" ><div id=\"panel-19631-4-0-0\" class=\"so-panel widget widget_sow-image panel-first-child panel-last-child\" data-index=\"6\" ><div\n\t\t\t\n\t\t\tclass=\"so-widget-sow-image so-widget-sow-image-default-8b5b6f678277-19631\"\n\t\t\t\n\t\t>\n<div class=\"sow-image-container\">\n\t\t<img loading=\"lazy\" decoding=\"async\" src=\"https:\/\/paz.church\/sparnaiba\/wp-content\/uploads\/2025\/04\/paz-kids.jpg\" width=\"1080\" height=\"1080\" srcset=\"https:\/\/paz.church\/sparnaiba\/wp-content\/uploads\/2025\/04\/paz-kids.jpg 1080w, https:\/\/paz.church\/sparnaiba\/wp-content\/uploads\/2025\/04\/paz-kids-300x300.jpg 300w, https:\/\/paz.church\/sparnaiba\/wp-content\/uploads\/2025\/04\/paz-kids-1024x1024.jpg 1024w, https:\/\/paz.church\/sparnaiba\/wp-content\/uploads\/2025\/04\/paz-kids-150x150.jpg 150w, https:\/\/paz.church\/sparnaiba\/wp-content\/uploads\/2025\/04\/paz-kids-768x768.jpg 768w, https:\/\/paz.church\/sparnaiba\/wp-content\/uploads\/2025\/04\/paz-kids-75x75.jpg 75w\" sizes=\"auto, (max-width: 1080px) 100vw, 1080px\" alt=\"\" \t\tclass=\"so-widget-image\"\/>\n\t<\/div>\n\n<\/div><\/div><\/div><div id=\"pgc-19631-4-1\"  class=\"panel-grid-cell\" ><div id=\"panel-19631-4-1-0\" class=\"so-panel widget widget_sow-editor panel-first-child panel-last-child\" data-index=\"7\" ><div class=\"panel-widget-style panel-widget-style-for-19631-4-1-0\" ><div\n\t\t\t\n\t\t\tclass=\"so-widget-sow-editor so-widget-sow-editor-base\"\n\t\t\t\n\t\t><h3 class=\"widget-title\">Paz Kids<\/h3>\n<div class=\"siteorigin-widget-tinymce textwidget\">\n\t<p>Com muita criatividade, alegria e amor, transmitimos fundamentos b\u00edblicos que ir\u00e3o lapidar o car\u00e1ter de cada crian\u00e7a.<\/p>\n<\/div>\n<\/div><\/div><\/div><\/div><\/div><\/div><div id=\"pg-19631-5\"  class=\"panel-grid panel-has-style\" ><div class=\"siteorigin-panels-stretch panel-row-style panel-row-style-for-19631-5\" id=\"Team01\" data-stretch-type=\"full\" ><div id=\"pgc-19631-5-0\"  class=\"panel-grid-cell\" ><div id=\"colunas-widget\" class=\"panel-cell-style panel-cell-style-for-19631-5-0\" ><div id=\"panel-19631-5-0-0\" class=\"so-panel widget widget_sow-headline panel-first-child panel-last-child\" data-index=\"8\" ><div class=\"titulo panel-widget-style panel-widget-style-for-19631-5-0-0\" id=\"ministerios\" ><div\n\t\t\t\n\t\t\tclass=\"so-widget-sow-headline so-widget-sow-headline-default-d485ef79b4eb-19631\"\n\t\t\t\n\t\t><div class=\"sow-headline-container \">\n\t\t\t\t\t\t\t<h3 class=\"sow-headline\">\n\t\t\t\t\t\tQUERO SERVIR\t\t\t\t\t\t<\/h3>\n\t\t\t\t\t\t<\/div>\n<\/div><\/div><\/div><\/div><\/div><\/div><\/div><div id=\"pg-19631-6\"  class=\"panel-grid panel-no-style\" ><div id=\"pgc-19631-6-0\"  class=\"panel-grid-cell\" ><div id=\"panel-19631-6-0-0\" class=\"so-panel widget widget_sow-editor panel-first-child panel-last-child\" data-index=\"9\" ><div class=\"bordas panel-widget-style panel-widget-style-for-19631-6-0-0\" id=\"frm\" ><div\n\t\t\t\n\t\t\tclass=\"so-widget-sow-editor so-widget-sow-editor-base\"\n\t\t\t\n\t\t>\n<div class=\"siteorigin-widget-tinymce textwidget\">\n\t\n<div class=\"wpcf7 no-js\" id=\"wpcf7-f3735-o1\" lang=\"pt-BR\" dir=\"ltr\" data-wpcf7-id=\"3735\">\n<div class=\"screen-reader-response\"><p role=\"status\" aria-live=\"polite\" aria-atomic=\"true\"><\/p> <ul><\/ul><\/div>\n<form action=\"\/sparnaiba\/wp-json\/wp\/v2\/pages\/19631#wpcf7-f3735-o1\" method=\"post\" class=\"wpcf7-form init\" aria-label=\"Formul\u00e1rios de contato\" novalidate=\"novalidate\" data-status=\"init\">\n<div style=\"display: none;\">\n<input type=\"hidden\" name=\"_wpcf7\" value=\"3735\" \/>\n<input type=\"hidden\" name=\"_wpcf7_version\" value=\"6.0.6\" \/>\n<input type=\"hidden\" name=\"_wpcf7_locale\" value=\"pt_BR\" \/>\n<input type=\"hidden\" name=\"_wpcf7_unit_tag\" value=\"wpcf7-f3735-o1\" \/>\n<input type=\"hidden\" name=\"_wpcf7_container_post\" value=\"0\" \/>\n<input type=\"hidden\" name=\"_wpcf7_posted_data_hash\" value=\"\" \/>\n<\/div>\n<div class=\"campo-esq\">\n\t<p>Nome e sobrenome*\n\t<\/p>\n\t<p><span class=\"wpcf7-form-control-wrap\" data-name=\"your-name\"><input size=\"40\" maxlength=\"400\" class=\"wpcf7-form-control wpcf7-text wpcf7-validates-as-required\" aria-required=\"true\" aria-invalid=\"false\" value=\"\" type=\"text\" name=\"your-name\" \/><\/span>\n\t<\/p>\n<\/div>\n<div class=\"campo-dir\">\n\t<p>Email*\n\t<\/p>\n\t<p><span class=\"wpcf7-form-control-wrap\" data-name=\"your-email\"><input size=\"40\" maxlength=\"400\" class=\"wpcf7-form-control wpcf7-email wpcf7-validates-as-required wpcf7-text wpcf7-validates-as-email\" aria-required=\"true\" aria-invalid=\"false\" value=\"\" type=\"email\" name=\"your-email\" \/><\/span>\n\t<\/p>\n<\/div>\n<div class=\"clear\">\n<\/div>\n<div class=\"campo-25\">\n\t<p>Sexo*\n\t<\/p>\n\t<p><span class=\"wpcf7-form-control-wrap\" data-name=\"menu-23\"><select class=\"wpcf7-form-control wpcf7-select\" aria-invalid=\"false\" name=\"menu-23\"><option value=\"\">&#8212;Escolha uma op\u00e7\u00e3o&#8212;<\/option><option value=\"Masculino\">Masculino<\/option><option value=\"Feminino\">Feminino<\/option><\/select><\/span>\n\t<\/p>\n<\/div>\n<div class=\"campo-25\">\n\t<p>Faixa et\u00e1ria*\n\t<\/p>\n\t<p><span class=\"wpcf7-form-control-wrap\" data-name=\"menu-24\"><select class=\"wpcf7-form-control wpcf7-select\" aria-invalid=\"false\" name=\"menu-24\"><option value=\"\">&#8212;Escolha uma op\u00e7\u00e3o&#8212;<\/option><option value=\"Adulto\">Adulto<\/option><option value=\"Jovem\">Jovem<\/option><option value=\"Adolescente\">Adolescente<\/option><\/select><\/span>\n\t<\/p>\n<\/div>\n<div class=\"campo-dir\">\n\t<p>Telefone\/WhatsApp*\n\t<\/p>\n\t<p><span class=\"wpcf7-form-control-wrap\" data-name=\"your-phone\"><input size=\"40\" maxlength=\"400\" class=\"wpcf7-form-control wpcf7-text wpcf7-validates-as-required\" aria-required=\"true\" aria-invalid=\"false\" value=\"\" type=\"text\" name=\"your-phone\" \/><\/span>\n\t<\/p>\n<\/div>\n<div class=\"clear\">\n<\/div>\n<div class=\"campo-esq\">\n\t<p>Endere\u00e7o completo*\n\t<\/p>\n\t<p><span class=\"wpcf7-form-control-wrap\" data-name=\"your-endereco\"><input size=\"40\" maxlength=\"400\" class=\"wpcf7-form-control wpcf7-text wpcf7-validates-as-required\" aria-required=\"true\" aria-invalid=\"false\" value=\"\" type=\"text\" name=\"your-endereco\" \/><\/span>\n\t<\/p>\n<\/div>\n<div class=\"campo-dir\">\n\t<p>L\u00edder de Life Group*\n\t<\/p>\n\t<p><span class=\"wpcf7-form-control-wrap\" data-name=\"your-lider-lg\"><input size=\"40\" maxlength=\"400\" class=\"wpcf7-form-control wpcf7-text wpcf7-validates-as-required\" aria-required=\"true\" aria-invalid=\"false\" value=\"\" type=\"text\" name=\"your-lider-lg\" \/><\/span>\n\t<\/p>\n<\/div>\n<div class=\"clear\">\n<\/div>\n<div class=\"campo-esq\">\n\t<p>Pastor de Rede*\n\t<\/p>\n\t<p><span class=\"wpcf7-form-control-wrap\" data-name=\"your-pastor\"><input size=\"40\" maxlength=\"400\" class=\"wpcf7-form-control wpcf7-text wpcf7-validates-as-required\" aria-required=\"true\" aria-invalid=\"false\" value=\"\" type=\"text\" name=\"your-pastor\" \/><\/span>\n\t<\/p>\n<\/div>\n<div class=\"campo-dir\">\n\t<p>Minist\u00e9rio onde voc\u00ea quer servir*\n\t<\/p>\n\t<p><span class=\"wpcf7-form-control-wrap\" data-name=\"menu-26\"><select class=\"wpcf7-form-control wpcf7-select\" aria-invalid=\"false\" name=\"menu-26\"><option value=\"\">&#8212;Escolha uma op\u00e7\u00e3o&#8212;<\/option><option value=\"Atmosfera\">Atmosfera<\/option><option value=\"Amor em A\u00e7\u00e3o\">Amor em A\u00e7\u00e3o<\/option><option value=\"Paz Kids\">Paz Kids<\/option><\/select><\/span>\n\t<\/p>\n<\/div>\n<div class=\"clear\">\n<\/div>\n<div class=\"campo-full\">\n\t<p>Observa\u00e7\u00e3o\n\t<\/p>\n\t<p><span class=\"wpcf7-form-control-wrap\" data-name=\"your-observacao\"><textarea cols=\"40\" rows=\"20\" maxlength=\"2000\" class=\"wpcf7-form-control wpcf7-textarea\" aria-invalid=\"false\" name=\"your-observacao\"><\/textarea><\/span>\n\t<\/p>\n<\/div>\n<div class=\"clear\">\n<\/div>\n<p><input class=\"wpcf7-form-control wpcf7-submit has-spinner\" type=\"submit\" value=\"Enviar\" \/>\n<\/p><p style=\"display: none !important;\" class=\"akismet-fields-container\" data-prefix=\"_wpcf7_ak_\"><label>&#916;<textarea name=\"_wpcf7_ak_hp_textarea\" cols=\"45\" rows=\"8\" maxlength=\"100\"><\/textarea><\/label><input type=\"hidden\" id=\"ak_js_1\" name=\"_wpcf7_ak_js\" value=\"62\"\/><script>document.getElementById( \"ak_js_1\" ).setAttribute( \"value\", ( new Date() ).getTime() );<\/script><\/p><div class=\"wpcf7-response-output\" aria-hidden=\"true\"><\/div>\n<\/form>\n<\/div>\n\n<\/div>\n<\/div><\/div><\/div><\/div><\/div><\/div>","protected":false},"excerpt":{"rendered":"<p>A Cultura do Voluntariado Cremos, verdadeiramente, que ser um volunt\u00e1rio na Igreja (em qualquer \u00e1rea ou minist\u00e9rio) \u00e9 uma tarefa t\u00e3o santa quanto ministrar o louvor ou pregar a Palavra. O nosso objetivo \u00e9 o mesmo:\u00a0derramar o Amor de Deus sobre as pessoas! Quando, ao final de um culto, uma pessoa decide se entregar totalmenteContinue reading &rarr;<\/p>\n","protected":false},"author":2,"featured_media":23391,"parent":0,"menu_order":0,"comment_status":"closed","ping_status":"closed","template":"","meta":{"_acf_changed":false,"_seopress_robots_primary_cat":"","_seopress_titles_title":"","_seopress_titles_desc":"","_seopress_robots_index":"","_joinchat":[],"footnotes":""},"class_list":["post-19631","page","type-page","status-publish","has-post-thumbnail","has-thumb"],"acf":[],"_links":{"self":[{"href":"https:\/\/paz.church\/sparnaiba\/wp-json\/wp\/v2\/pages\/19631","targetHints":{"allow":["GET"]}}],"collection":[{"href":"https:\/\/paz.church\/sparnaiba\/wp-json\/wp\/v2\/pages"}],"about":[{"href":"https:\/\/paz.church\/sparnaiba\/wp-json\/wp\/v2\/types\/page"}],"author":[{"embeddable":true,"href":"https:\/\/paz.church\/sparnaiba\/wp-json\/wp\/v2\/users\/2"}],"replies":[{"embeddable":true,"href":"https:\/\/paz.church\/sparnaiba\/wp-json\/wp\/v2\/comments?post=19631"}],"version-history":[{"count":13,"href":"https:\/\/paz.church\/sparnaiba\/wp-json\/wp\/v2\/pages\/19631\/revisions"}],"predecessor-version":[{"id":23408,"href":"https:\/\/paz.church\/sparnaiba\/wp-json\/wp\/v2\/pages\/19631\/revisions\/23408"}],"wp:featuredmedia":[{"embeddable":true,"href":"https:\/\/paz.church\/sparnaiba\/wp-json\/wp\/v2\/media\/23391"}],"wp:attachment":[{"href":"https:\/\/paz.church\/sparnaiba\/wp-json\/wp\/v2\/media?parent=19631"}],"curies":[{"name":"wp","href":"https:\/\/api.w.org\/{rel}","templated":true}]}}