{"id":1252,"date":"2018-12-11T21:11:24","date_gmt":"2018-12-11T23:11:24","guid":{"rendered":"https:\/\/paz.church\/saopaulo\/?page_id=1252"},"modified":"2024-04-29T17:24:25","modified_gmt":"2024-04-29T20:24:25","slug":"contribua","status":"publish","type":"page","link":"https:\/\/paz.church\/taboao\/contribua\/","title":{"rendered":"Contribua"},"content":{"rendered":"<div id=\"pl-1252\"  class=\"panel-layout\" ><div id=\"pg-1252-0\"  class=\"panel-grid panel-no-style\" ><div id=\"pgc-1252-0-0\"  class=\"panel-grid-cell\" ><div id=\"panel-1252-0-0-0\" class=\"so-panel widget widget_sow-editor panel-first-child panel-last-child\" data-index=\"0\" ><div\n\t\t\t\n\t\t\tclass=\"so-widget-sow-editor so-widget-sow-editor-base\"\n\t\t\t\n\t\t>\n<div class=\"siteorigin-widget-tinymce textwidget\">\n\t<p>Sua generosidade est\u00e1 transformando o mundo! O avan\u00e7o do Reino de Deus em v\u00e1rios pa\u00edses, a restaura\u00e7\u00e3o de fam\u00edlias e o socorro aos necessitados atrav\u00e9s da a\u00e7\u00e3o social da igreja, tem sido beneficiados com o seu fiel apoio financeiro.<\/p>\n<p>Contribua a qualquer hora, em qualquer lugar.<\/p>\n<\/div>\n<\/div><\/div><\/div><\/div><div id=\"pg-1252-1\"  class=\"panel-grid panel-has-style\" ><div id=\"doar02\" class=\"panel-row-style panel-row-style-for-1252-1\" ><div id=\"pgc-1252-1-0\"  class=\"panel-grid-cell\" ><div id=\"panel-1252-1-0-0\" class=\"so-panel widget widget_media_image panel-first-child panel-last-child\" data-index=\"1\" ><div class=\"panel-widget-style panel-widget-style-for-1252-1-0-0\" ><img loading=\"lazy\" decoding=\"async\" width=\"64\" height=\"64\" src=\"https:\/\/paz.church\/taboao\/wp-content\/uploads\/2020\/11\/Pix-icone.png\" class=\"image wp-image-8699  attachment-full size-full\" alt=\"\" style=\"max-width: 100%; height: auto;\" \/><\/div><\/div><\/div><div id=\"pgc-1252-1-1\"  class=\"panel-grid-cell\" ><div id=\"panel-1252-1-1-0\" class=\"so-panel widget widget_sow-headline panel-first-child\" data-index=\"2\" ><div\n\t\t\t\n\t\t\tclass=\"so-widget-sow-headline so-widget-sow-headline-default-1d186b115fdc-1252\"\n\t\t\t\n\t\t><div class=\"sow-headline-container \">\n\t<h3 class='sow-headline'>Pix<\/h3><\/div>\n<\/div><\/div><div id=\"panel-1252-1-1-1\" class=\"so-panel widget widget_sow-editor panel-last-child\" data-index=\"3\" ><div\n\t\t\t\n\t\t\tclass=\"so-widget-sow-editor so-widget-sow-editor-base\"\n\t\t\t\n\t\t>\n<div class=\"siteorigin-widget-tinymce textwidget\">\n\t<p>Chave\/CNPJ:<br \/>\n00.976.801\/0001-97<\/p>\n<p>&nbsp;<\/p>\n<p>Chave\/E-mail:<br \/>\ntaboao@paz.church<\/p>\n<\/div>\n<\/div><\/div><\/div><\/div><\/div><div id=\"pg-1252-2\"  class=\"panel-grid panel-has-style\" ><div id=\"doar02\" class=\"panel-row-style panel-row-style-for-1252-2\" ><div id=\"pgc-1252-2-0\"  class=\"panel-grid-cell\" ><div id=\"panel-1252-2-0-0\" class=\"so-panel widget widget_sow-icon panel-first-child panel-last-child\" data-index=\"4\" ><div\n\t\t\t\n\t\t\tclass=\"so-widget-sow-icon so-widget-sow-icon-default-b6d7bacdc231-1252\"\n\t\t\t\n\t\t>\n<div class=\"sow-icon-container sow-icon\">\n\t\t\t<span class=\"sow-icon-fontawesome sow-fas\" data-sow-icon=\"&#xf4b9;\"\n\t\t \n\t\taria-hidden=\"true\"><\/span>\t<\/div>\n<\/div><\/div><\/div><div id=\"pgc-1252-2-1\"  class=\"panel-grid-cell\" ><div id=\"panel-1252-2-1-0\" class=\"so-panel widget widget_sow-headline panel-first-child\" data-index=\"5\" ><div\n\t\t\t\n\t\t\tclass=\"so-widget-sow-headline so-widget-sow-headline-default-1d186b115fdc-1252\"\n\t\t\t\n\t\t><div class=\"sow-headline-container \">\n\t<h3 class='sow-headline'>Conta banc\u00e1ria<\/h3><\/div>\n<\/div><\/div><div id=\"panel-1252-2-1-1\" class=\"so-panel widget widget_sow-editor panel-last-child\" data-index=\"6\" ><div\n\t\t\t\n\t\t\tclass=\"so-widget-sow-editor so-widget-sow-editor-base\"\n\t\t\t\n\t\t>\n<div class=\"siteorigin-widget-tinymce textwidget\">\n\t<p><strong>Bradesco<\/strong> (Banco 237)<br \/>\nAg\u00eancia: 3084<br \/>\nConta Corrente: 82880-7<br \/>\nCNPJ: 00.976.801\/0001-97<br \/>\nIgreja da Paz Tabo\u00e3o da Serra<\/p>\n<\/div>\n<\/div><\/div><\/div><\/div><\/div><div id=\"pg-1252-3\"  class=\"panel-grid panel-has-style\" ><div class=\"panel-row-style panel-row-style-for-1252-3\" ><div id=\"pgc-1252-3-0\"  class=\"panel-grid-cell\" ><div id=\"panel-1252-3-0-0\" class=\"so-panel widget widget_sow-editor panel-first-child panel-last-child\" data-index=\"7\" ><div\n\t\t\t\n\t\t\tclass=\"so-widget-sow-editor so-widget-sow-editor-base\"\n\t\t\t\n\t\t>\n<div class=\"siteorigin-widget-tinymce textwidget\">\n\t<p style=\"text-align: center;\"><strong><em>\u201cE Deus pode dar muito mais do que voc\u00eas precisam para que voc\u00eas tenham sempre tudo o que necessitam e ainda mais do que o necess\u00e1rio para fazerem todo tipo de boas obras.\u201d<\/em><br \/>\n<\/strong>(2 Cor\u00edntios 9.8 NTLH)<\/p>\n<\/div>\n<\/div><\/div><\/div><\/div><\/div><\/div>","protected":false},"excerpt":{"rendered":"<p>Sua generosidade est\u00e1 transformando o mundo! O avan\u00e7o do Reino de Deus em v\u00e1rios pa\u00edses, a restaura\u00e7\u00e3o de fam\u00edlias e o socorro aos necessitados atrav\u00e9s da a\u00e7\u00e3o social da igreja, tem sido beneficiados com o seu fiel apoio financeiro. Contribua a qualquer hora, em qualquer lugar. Pix Chave\/CNPJ: 00.976.801\/0001-97 &nbsp; Chave\/E-mail: taboao@paz.church Conta banc\u00e1ria BradescoContinue reading &rarr;<\/p>\n","protected":false},"author":1,"featured_media":8704,"parent":0,"menu_order":0,"comment_status":"closed","ping_status":"closed","template":"","meta":{"footnotes":""},"aioseo_notices":[],"_links":{"self":[{"href":"https:\/\/paz.church\/taboao\/wp-json\/wp\/v2\/pages\/1252"}],"collection":[{"href":"https:\/\/paz.church\/taboao\/wp-json\/wp\/v2\/pages"}],"about":[{"href":"https:\/\/paz.church\/taboao\/wp-json\/wp\/v2\/types\/page"}],"author":[{"embeddable":true,"href":"https:\/\/paz.church\/taboao\/wp-json\/wp\/v2\/users\/1"}],"replies":[{"embeddable":true,"href":"https:\/\/paz.church\/taboao\/wp-json\/wp\/v2\/comments?post=1252"}],"version-history":[{"count":14,"href":"https:\/\/paz.church\/taboao\/wp-json\/wp\/v2\/pages\/1252\/revisions"}],"predecessor-version":[{"id":9422,"href":"https:\/\/paz.church\/taboao\/wp-json\/wp\/v2\/pages\/1252\/revisions\/9422"}],"wp:featuredmedia":[{"embeddable":true,"href":"https:\/\/paz.church\/taboao\/wp-json\/wp\/v2\/media\/8704"}],"wp:attachment":[{"href":"https:\/\/paz.church\/taboao\/wp-json\/wp\/v2\/media?parent=1252"}],"curies":[{"name":"wp","href":"https:\/\/api.w.org\/{rel}","templated":true}]}}