{"id":3605,"date":"2019-03-14T00:27:34","date_gmt":"2019-03-14T03:27:34","guid":{"rendered":"https:\/\/paz.church\/saopaulo\/?page_id=3605"},"modified":"2019-03-14T00:27:34","modified_gmt":"2019-03-14T03:27:34","slug":"series","status":"publish","type":"page","link":"https:\/\/paz.church\/taboao\/series\/","title":{"rendered":"S\u00e9ries"},"content":{"rendered":"<div id=\"pl-3605\"  class=\"panel-layout\" ><div id=\"pg-3605-0\"  class=\"panel-grid panel-no-style\" ><div id=\"pgc-3605-0-0\"  class=\"panel-grid-cell\" ><div id=\"panel-3605-0-0-0\" class=\"so-panel widget widget_sow-editor panel-first-child panel-last-child\" data-index=\"0\" ><div\n\t\t\t\n\t\t\tclass=\"so-widget-sow-editor so-widget-sow-editor-base\"\n\t\t\t\n\t\t>\n<div class=\"siteorigin-widget-tinymce textwidget\">\n\t<ul id=\"wpfc_images_grid\"><li class=\"wpfc_grid_image\"><a href=\"https:\/\/paz.church\/taboao\/ministracoes\/series\/diflen-conference25\/\"><img loading=\"lazy\" decoding=\"async\" width=\"1600\" height=\"900\" src=\"https:\/\/paz.church\/taboao\/wp-content\/uploads\/2025\/07\/Imagem-do-WhatsApp-de-2025-07-15-as-18.22.12_fb15ed02.jpg\" class=\"attachment- size-\" alt=\"\" srcset=\"https:\/\/paz.church\/taboao\/wp-content\/uploads\/2025\/07\/Imagem-do-WhatsApp-de-2025-07-15-as-18.22.12_fb15ed02.jpg 1600w, https:\/\/paz.church\/taboao\/wp-content\/uploads\/2025\/07\/Imagem-do-WhatsApp-de-2025-07-15-as-18.22.12_fb15ed02-300x169.jpg 300w, https:\/\/paz.church\/taboao\/wp-content\/uploads\/2025\/07\/Imagem-do-WhatsApp-de-2025-07-15-as-18.22.12_fb15ed02-1024x576.jpg 1024w, https:\/\/paz.church\/taboao\/wp-content\/uploads\/2025\/07\/Imagem-do-WhatsApp-de-2025-07-15-as-18.22.12_fb15ed02-768x432.jpg 768w, https:\/\/paz.church\/taboao\/wp-content\/uploads\/2025\/07\/Imagem-do-WhatsApp-de-2025-07-15-as-18.22.12_fb15ed02-1536x864.jpg 1536w, https:\/\/paz.church\/taboao\/wp-content\/uploads\/2025\/07\/Imagem-do-WhatsApp-de-2025-07-15-as-18.22.12_fb15ed02-1080x608.jpg 1080w, https:\/\/paz.church\/taboao\/wp-content\/uploads\/2025\/07\/Imagem-do-WhatsApp-de-2025-07-15-as-18.22.12_fb15ed02-426x240.jpg 426w\" sizes=\"(max-width: 1600px) 100vw, 1600px\" \/><\/a><h3 class=\"wpfc_grid_title\"><a href=\"https:\/\/paz.church\/taboao\/ministracoes\/series\/diflen-conference25\/\">Diflen Conference'25<\/a><\/h3><\/li><li class=\"wpfc_grid_image\"><a href=\"https:\/\/paz.church\/taboao\/ministracoes\/series\/diflen-conference24\/\"><img loading=\"lazy\" decoding=\"async\" width=\"1024\" height=\"768\" src=\"https:\/\/paz.church\/taboao\/wp-content\/uploads\/sermons\/2024\/09\/WE-THINK-Apresentacao-43.jpg\" class=\"attachment- size-\" alt=\"\" srcset=\"https:\/\/paz.church\/taboao\/wp-content\/uploads\/sermons\/2024\/09\/WE-THINK-Apresentacao-43.jpg 1024w, https:\/\/paz.church\/taboao\/wp-content\/uploads\/sermons\/2024\/09\/WE-THINK-Apresentacao-43-300x225.jpg 300w, https:\/\/paz.church\/taboao\/wp-content\/uploads\/sermons\/2024\/09\/WE-THINK-Apresentacao-43-768x576.jpg 768w\" sizes=\"(max-width: 1024px) 100vw, 1024px\" \/><\/a><h3 class=\"wpfc_grid_title\"><a href=\"https:\/\/paz.church\/taboao\/ministracoes\/series\/diflen-conference24\/\">Diflen Conference'24<\/a><\/h3><\/li><li class=\"wpfc_grid_image\"><a href=\"https:\/\/paz.church\/taboao\/ministracoes\/series\/seminario-da-familia\/\"><img loading=\"lazy\" decoding=\"async\" width=\"1366\" height=\"768\" src=\"https:\/\/paz.church\/taboao\/wp-content\/uploads\/sermons\/2024\/08\/0aabfeb2-296a-4dc1-aef8-a9552ce8ab39.jpg\" class=\"attachment- size-\" alt=\"\" srcset=\"https:\/\/paz.church\/taboao\/wp-content\/uploads\/sermons\/2024\/08\/0aabfeb2-296a-4dc1-aef8-a9552ce8ab39.jpg 1366w, https:\/\/paz.church\/taboao\/wp-content\/uploads\/sermons\/2024\/08\/0aabfeb2-296a-4dc1-aef8-a9552ce8ab39-300x169.jpg 300w, https:\/\/paz.church\/taboao\/wp-content\/uploads\/sermons\/2024\/08\/0aabfeb2-296a-4dc1-aef8-a9552ce8ab39-1024x576.jpg 1024w, https:\/\/paz.church\/taboao\/wp-content\/uploads\/sermons\/2024\/08\/0aabfeb2-296a-4dc1-aef8-a9552ce8ab39-768x432.jpg 768w, https:\/\/paz.church\/taboao\/wp-content\/uploads\/sermons\/2024\/08\/0aabfeb2-296a-4dc1-aef8-a9552ce8ab39-1080x608.jpg 1080w, https:\/\/paz.church\/taboao\/wp-content\/uploads\/sermons\/2024\/08\/0aabfeb2-296a-4dc1-aef8-a9552ce8ab39-426x240.jpg 426w\" sizes=\"(max-width: 1366px) 100vw, 1366px\" \/><\/a><h3 class=\"wpfc_grid_title\"><a href=\"https:\/\/paz.church\/taboao\/ministracoes\/series\/seminario-da-familia\/\">Semin\u00e1rio da Fam\u00edlia - 2024<\/a><\/h3><\/li><li class=\"wpfc_grid_image\"><a href=\"https:\/\/paz.church\/taboao\/ministracoes\/series\/imersao-louvor-adoracao\/\"><img loading=\"lazy\" decoding=\"async\" width=\"1599\" height=\"899\" src=\"https:\/\/paz.church\/taboao\/wp-content\/uploads\/sermons\/2024\/08\/2c575b08-122f-41c4-b4dd-61190b14cfed.jpg\" class=\"attachment- size-\" alt=\"\" srcset=\"https:\/\/paz.church\/taboao\/wp-content\/uploads\/sermons\/2024\/08\/2c575b08-122f-41c4-b4dd-61190b14cfed.jpg 1599w, https:\/\/paz.church\/taboao\/wp-content\/uploads\/sermons\/2024\/08\/2c575b08-122f-41c4-b4dd-61190b14cfed-300x169.jpg 300w, https:\/\/paz.church\/taboao\/wp-content\/uploads\/sermons\/2024\/08\/2c575b08-122f-41c4-b4dd-61190b14cfed-1024x576.jpg 1024w, https:\/\/paz.church\/taboao\/wp-content\/uploads\/sermons\/2024\/08\/2c575b08-122f-41c4-b4dd-61190b14cfed-768x432.jpg 768w, https:\/\/paz.church\/taboao\/wp-content\/uploads\/sermons\/2024\/08\/2c575b08-122f-41c4-b4dd-61190b14cfed-1536x864.jpg 1536w, https:\/\/paz.church\/taboao\/wp-content\/uploads\/sermons\/2024\/08\/2c575b08-122f-41c4-b4dd-61190b14cfed-1080x608.jpg 1080w, https:\/\/paz.church\/taboao\/wp-content\/uploads\/sermons\/2024\/08\/2c575b08-122f-41c4-b4dd-61190b14cfed-426x240.jpg 426w\" sizes=\"(max-width: 1599px) 100vw, 1599px\" \/><\/a><h3 class=\"wpfc_grid_title\"><a href=\"https:\/\/paz.church\/taboao\/ministracoes\/series\/imersao-louvor-adoracao\/\">Imers\u00e3o - Louvor &amp; Adora\u00e7\u00e3o<\/a><\/h3><\/li><li class=\"wpfc_grid_image\"><a href=\"https:\/\/paz.church\/taboao\/ministracoes\/series\/a-marca-de-deus-e-a-marca-do-anticristo\/\"><img loading=\"lazy\" decoding=\"async\" width=\"1920\" height=\"1080\" src=\"https:\/\/paz.church\/taboao\/wp-content\/uploads\/2024\/09\/Design-sem-nome-1.jpg\" class=\"attachment- size-\" alt=\"\" srcset=\"https:\/\/paz.church\/taboao\/wp-content\/uploads\/2024\/09\/Design-sem-nome-1.jpg 1920w, https:\/\/paz.church\/taboao\/wp-content\/uploads\/2024\/09\/Design-sem-nome-1-300x169.jpg 300w, https:\/\/paz.church\/taboao\/wp-content\/uploads\/2024\/09\/Design-sem-nome-1-1024x576.jpg 1024w, https:\/\/paz.church\/taboao\/wp-content\/uploads\/2024\/09\/Design-sem-nome-1-768x432.jpg 768w, https:\/\/paz.church\/taboao\/wp-content\/uploads\/2024\/09\/Design-sem-nome-1-1536x864.jpg 1536w, https:\/\/paz.church\/taboao\/wp-content\/uploads\/2024\/09\/Design-sem-nome-1-1080x608.jpg 1080w, https:\/\/paz.church\/taboao\/wp-content\/uploads\/2024\/09\/Design-sem-nome-1-426x240.jpg 426w\" sizes=\"(max-width: 1920px) 100vw, 1920px\" \/><\/a><h3 class=\"wpfc_grid_title\"><a href=\"https:\/\/paz.church\/taboao\/ministracoes\/series\/a-marca-de-deus-e-a-marca-do-anticristo\/\">A Marca de Deus e a Marca do Anticristo<\/a><\/h3><\/li><li class=\"wpfc_grid_image\"><a href=\"https:\/\/paz.church\/taboao\/ministracoes\/series\/cinco-niveis-de-submissao\/\"><img loading=\"lazy\" decoding=\"async\" width=\"1600\" height=\"1200\" src=\"https:\/\/paz.church\/taboao\/wp-content\/uploads\/2020\/09\/Obedecer.jpg\" class=\"attachment- size-\" alt=\"\" srcset=\"https:\/\/paz.church\/taboao\/wp-content\/uploads\/2020\/09\/Obedecer.jpg 1600w, https:\/\/paz.church\/taboao\/wp-content\/uploads\/2020\/09\/Obedecer-300x225.jpg 300w, https:\/\/paz.church\/taboao\/wp-content\/uploads\/2020\/09\/Obedecer-1024x768.jpg 1024w, https:\/\/paz.church\/taboao\/wp-content\/uploads\/2020\/09\/Obedecer-768x576.jpg 768w, https:\/\/paz.church\/taboao\/wp-content\/uploads\/2020\/09\/Obedecer-1536x1152.jpg 1536w\" sizes=\"(max-width: 1600px) 100vw, 1600px\" \/><\/a><h3 class=\"wpfc_grid_title\"><a href=\"https:\/\/paz.church\/taboao\/ministracoes\/series\/cinco-niveis-de-submissao\/\">Cinco N\u00edveis de Submiss\u00e3o<\/a><\/h3><\/li><li class=\"wpfc_grid_image\"><a href=\"https:\/\/paz.church\/taboao\/ministracoes\/series\/segundo-as-escrituras\/\"><img loading=\"lazy\" decoding=\"async\" width=\"1600\" height=\"960\" src=\"https:\/\/paz.church\/taboao\/wp-content\/uploads\/2020\/06\/book-1281236_1920-1.jpg\" class=\"attachment- size-\" alt=\"\" srcset=\"https:\/\/paz.church\/taboao\/wp-content\/uploads\/2020\/06\/book-1281236_1920-1.jpg 1600w, https:\/\/paz.church\/taboao\/wp-content\/uploads\/2020\/06\/book-1281236_1920-1-300x180.jpg 300w, https:\/\/paz.church\/taboao\/wp-content\/uploads\/2020\/06\/book-1281236_1920-1-1024x614.jpg 1024w, https:\/\/paz.church\/taboao\/wp-content\/uploads\/2020\/06\/book-1281236_1920-1-768x461.jpg 768w, https:\/\/paz.church\/taboao\/wp-content\/uploads\/2020\/06\/book-1281236_1920-1-1536x922.jpg 1536w\" sizes=\"(max-width: 1600px) 100vw, 1600px\" \/><\/a><h3 class=\"wpfc_grid_title\"><a href=\"https:\/\/paz.church\/taboao\/ministracoes\/series\/segundo-as-escrituras\/\">Segundo as Escrituras<\/a><\/h3><\/li><li class=\"wpfc_grid_image\"><a href=\"https:\/\/paz.church\/taboao\/ministracoes\/series\/beneficios-da-honra\/\"><img loading=\"lazy\" decoding=\"async\" width=\"1600\" height=\"960\" src=\"https:\/\/paz.church\/taboao\/wp-content\/uploads\/2020\/06\/pr-westerley-materia.jpg\" class=\"attachment- size-\" alt=\"\" srcset=\"https:\/\/paz.church\/taboao\/wp-content\/uploads\/2020\/06\/pr-westerley-materia.jpg 1600w, https:\/\/paz.church\/taboao\/wp-content\/uploads\/2020\/06\/pr-westerley-materia-300x180.jpg 300w, https:\/\/paz.church\/taboao\/wp-content\/uploads\/2020\/06\/pr-westerley-materia-1024x614.jpg 1024w, https:\/\/paz.church\/taboao\/wp-content\/uploads\/2020\/06\/pr-westerley-materia-768x461.jpg 768w, https:\/\/paz.church\/taboao\/wp-content\/uploads\/2020\/06\/pr-westerley-materia-1536x922.jpg 1536w\" sizes=\"(max-width: 1600px) 100vw, 1600px\" \/><\/a><h3 class=\"wpfc_grid_title\"><a href=\"https:\/\/paz.church\/taboao\/ministracoes\/series\/beneficios-da-honra\/\">Benef\u00edcios da Honra<\/a><\/h3><\/li><\/ul>\n<\/div>\n<\/div><\/div><\/div><\/div><\/div>","protected":false},"excerpt":{"rendered":"<p>Diflen Conference&#8217;25Diflen Conference&#8217;24Semin\u00e1rio da Fam\u00edlia &#8211; 2024Imers\u00e3o &#8211; Louvor &amp; Adora\u00e7\u00e3oA Marca de Deus e a Marca do AnticristoCinco N\u00edveis de Submiss\u00e3oSegundo as EscriturasBenef\u00edcios da Honra<\/p>\n","protected":false},"author":1,"featured_media":0,"parent":0,"menu_order":0,"comment_status":"closed","ping_status":"closed","template":"","meta":{"footnotes":""},"aioseo_notices":[],"_links":{"self":[{"href":"https:\/\/paz.church\/taboao\/wp-json\/wp\/v2\/pages\/3605"}],"collection":[{"href":"https:\/\/paz.church\/taboao\/wp-json\/wp\/v2\/pages"}],"about":[{"href":"https:\/\/paz.church\/taboao\/wp-json\/wp\/v2\/types\/page"}],"author":[{"embeddable":true,"href":"https:\/\/paz.church\/taboao\/wp-json\/wp\/v2\/users\/1"}],"replies":[{"embeddable":true,"href":"https:\/\/paz.church\/taboao\/wp-json\/wp\/v2\/comments?post=3605"}],"version-history":[{"count":0,"href":"https:\/\/paz.church\/taboao\/wp-json\/wp\/v2\/pages\/3605\/revisions"}],"wp:attachment":[{"href":"https:\/\/paz.church\/taboao\/wp-json\/wp\/v2\/media?parent=3605"}],"curies":[{"name":"wp","href":"https:\/\/api.w.org\/{rel}","templated":true}]}}