{"id":5031,"date":"2019-03-14T15:23:29","date_gmt":"2019-03-14T18:23:29","guid":{"rendered":"https:\/\/paz.church\/taboao\/?page_id=5031"},"modified":"2026-04-01T14:35:24","modified_gmt":"2026-04-01T17:35:24","slug":"agenda","status":"publish","type":"page","link":"https:\/\/paz.church\/taboao\/agenda\/","title":{"rendered":"Agenda"},"content":{"rendered":"<div id=\"pl-5031\"  class=\"panel-layout\" ><div id=\"pg-5031-0\"  class=\"panel-grid panel-has-style\" ><div class=\"siteorigin-panels-stretch panel-row-style panel-row-style-for-5031-0\" id=\"agenda0\" data-stretch-type=\"full\" ><div id=\"pgc-5031-0-0\"  class=\"panel-grid-cell\" ><div id=\"panel-5031-0-0-0\" class=\"so-panel widget widget_sow-headline panel-first-child panel-last-child\" data-index=\"0\" ><div class=\"panel-widget-style panel-widget-style-for-5031-0-0-0\" ><div\n\t\t\t\n\t\t\tclass=\"so-widget-sow-headline so-widget-sow-headline-default-1182d15df486-5031\"\n\t\t\t\n\t\t><div class=\"sow-headline-container \">\n\t<h1 class='sow-headline'>Agenda<\/h1><\/div>\n<\/div><\/div><\/div><\/div><\/div><\/div><div id=\"pg-5031-1\"  class=\"panel-grid panel-has-style\" ><div class=\"siteorigin-panels-stretch panel-row-style panel-row-style-for-5031-1\" id=\"barra02\" data-stretch-type=\"full\" ><div id=\"pgc-5031-1-0\"  class=\"panel-grid-cell\" ><div id=\"colunas-widget\" class=\"panel-cell-style panel-cell-style-for-5031-1-0\" ><div id=\"panel-5031-1-0-0\" class=\"so-panel widget widget_sow-icon panel-first-child\" data-index=\"1\" ><div\n\t\t\t\n\t\t\tclass=\"so-widget-sow-icon so-widget-sow-icon-default-da81d5172c9d-5031\"\n\t\t\t\n\t\t>\n<div class=\"sow-icon-container sow-icon\">\n\t\t\t<span class=\"sow-icon-elegantline\" data-sow-icon=\"&#xe055;\"\n\t\t \n\t\taria-hidden=\"true\"><\/span>\t<\/div>\n<\/div><\/div><div id=\"panel-5031-1-0-1\" class=\"so-panel widget widget_sow-headline panel-last-child\" data-index=\"2\" ><div class=\"titulo panel-widget-style panel-widget-style-for-5031-1-0-1\" ><div\n\t\t\t\n\t\t\tclass=\"so-widget-sow-headline so-widget-sow-headline-default-809c6ba63723-5031\"\n\t\t\t\n\t\t><div class=\"sow-headline-container \">\n\t<h3 class='sow-headline'>Programa\u00e7\u00e3o Semanal<\/h3><\/div>\n<\/div><\/div><\/div><\/div><\/div><\/div><\/div><div id=\"pg-5031-2\"  class=\"panel-grid panel-has-style\" ><div class=\"siteorigin-panels-stretch panel-row-style panel-row-style-for-5031-2\" id=\"agenda\" data-stretch-type=\"full\" ><div id=\"pgc-5031-2-0\"  class=\"panel-grid-cell\" ><div id=\"panel-5031-2-0-0\" class=\"so-panel widget widget_sow-editor panel-first-child panel-last-child\" data-index=\"3\" ><div\n\t\t\t\n\t\t\tclass=\"so-widget-sow-editor so-widget-sow-editor-base\"\n\t\t\t\n\t\t><h3 class=\"widget-title\">Cultos de Celebra\u00e7\u00e3o<\/h3>\n<div class=\"siteorigin-widget-tinymce textwidget\">\n\t<p>Domingo: 10h | 19h<\/p>\n<\/div>\n<\/div><\/div><\/div><div id=\"pgc-5031-2-1\"  class=\"panel-grid-cell\" ><div class=\"panel-cell-style panel-cell-style-for-5031-2-1\" ><div id=\"panel-5031-2-1-0\" class=\"so-panel widget widget_sow-editor panel-first-child panel-last-child\" data-index=\"4\" ><div\n\t\t\t\n\t\t\tclass=\"so-widget-sow-editor so-widget-sow-editor-base\"\n\t\t\t\n\t\t><h3 class=\"widget-title\">Life Group<\/h3>\n<div class=\"siteorigin-widget-tinymce textwidget\">\n\t<p>De Segunda \u00e0 S\u00e1bado:<br \/>\nNos lares e Online<\/p>\n<\/div>\n<\/div><\/div><\/div><\/div><\/div><\/div><div id=\"pg-5031-3\"  class=\"panel-grid panel-has-style\" ><div id=\"agenda2\" class=\"panel-row-style panel-row-style-for-5031-3\" ><div id=\"pgc-5031-3-0\"  class=\"panel-grid-cell\" ><div id=\"panel-5031-3-0-0\" class=\"so-panel widget widget_events_maker_list_widget widget_events_maker_list panel-first-child panel-last-child\" data-index=\"5\" ><h3 class=\"widget-title\">PR\u00d3XIMOS EVENTOS<\/h3><\/div><\/div><\/div><\/div><div id=\"pg-5031-4\"  class=\"panel-grid panel-has-style\" ><div id=\"agenda2\" class=\"panel-row-style panel-row-style-for-5031-4\" ><div id=\"pgc-5031-4-0\"  class=\"panel-grid-cell\" ><div id=\"panel-5031-4-0-0\" class=\"so-panel widget widget_sow-editor panel-first-child panel-last-child\" data-index=\"6\" ><div\n\t\t\t\n\t\t\tclass=\"so-widget-sow-editor so-widget-sow-editor-base\"\n\t\t\t\n\t\t>\n<div class=\"siteorigin-widget-tinymce textwidget\">\n\t<p><img loading=\"lazy\" decoding=\"async\" class=\"alignnone size-full wp-image-10127 aligncenter\" src=\"https:\/\/paz.church\/taboao\/wp-content\/uploads\/2026\/04\/Agenda-do-Mes-2.jpg\" alt=\"\" width=\"1366\" height=\"768\" srcset=\"https:\/\/paz.church\/taboao\/wp-content\/uploads\/2026\/04\/Agenda-do-Mes-2.jpg 1366w, https:\/\/paz.church\/taboao\/wp-content\/uploads\/2026\/04\/Agenda-do-Mes-2-300x169.jpg 300w, https:\/\/paz.church\/taboao\/wp-content\/uploads\/2026\/04\/Agenda-do-Mes-2-1024x576.jpg 1024w, https:\/\/paz.church\/taboao\/wp-content\/uploads\/2026\/04\/Agenda-do-Mes-2-768x432.jpg 768w, https:\/\/paz.church\/taboao\/wp-content\/uploads\/2026\/04\/Agenda-do-Mes-2-1080x608.jpg 1080w, https:\/\/paz.church\/taboao\/wp-content\/uploads\/2026\/04\/Agenda-do-Mes-2-426x240.jpg 426w\" sizes=\"(max-width: 1366px) 100vw, 1366px\" \/><\/p>\n<\/div>\n<\/div><\/div><\/div><\/div><\/div><\/div>","protected":false},"excerpt":{"rendered":"<p>Agenda Programa\u00e7\u00e3o Semanal Cultos de Celebra\u00e7\u00e3o Domingo: 10h | 19h Life Group De Segunda \u00e0 S\u00e1bado: Nos lares e Online PR\u00d3XIMOS EVENTOS<\/p>\n","protected":false},"author":1,"featured_media":0,"parent":0,"menu_order":0,"comment_status":"closed","ping_status":"closed","template":"","meta":{"footnotes":""},"aioseo_notices":[],"_links":{"self":[{"href":"https:\/\/paz.church\/taboao\/wp-json\/wp\/v2\/pages\/5031"}],"collection":[{"href":"https:\/\/paz.church\/taboao\/wp-json\/wp\/v2\/pages"}],"about":[{"href":"https:\/\/paz.church\/taboao\/wp-json\/wp\/v2\/types\/page"}],"author":[{"embeddable":true,"href":"https:\/\/paz.church\/taboao\/wp-json\/wp\/v2\/users\/1"}],"replies":[{"embeddable":true,"href":"https:\/\/paz.church\/taboao\/wp-json\/wp\/v2\/comments?post=5031"}],"version-history":[{"count":41,"href":"https:\/\/paz.church\/taboao\/wp-json\/wp\/v2\/pages\/5031\/revisions"}],"predecessor-version":[{"id":10128,"href":"https:\/\/paz.church\/taboao\/wp-json\/wp\/v2\/pages\/5031\/revisions\/10128"}],"wp:attachment":[{"href":"https:\/\/paz.church\/taboao\/wp-json\/wp\/v2\/media?parent=5031"}],"curies":[{"name":"wp","href":"https:\/\/api.w.org\/{rel}","templated":true}]}}