{"id":1243,"date":"2018-12-11T21:08:04","date_gmt":"2018-12-11T23:08:04","guid":{"rendered":"https:\/\/paz.church\/saopaulo\/?page_id=1243"},"modified":"2020-04-16T21:30:30","modified_gmt":"2020-04-16T19:30:30","slug":"chi-siamo","status":"publish","type":"page","link":"https:\/\/paz.church\/torino\/chi-siamo\/","title":{"rendered":"Chi Siamo"},"content":{"rendered":"<p>Paz Church Torino \u00e8 una famiglia in crescita!<\/p>\n<p>I nostri servizi domenicali sono vivaci. A partire dalla calda accoglienza della nostra atmosfera. Canzoni che racchiudono la tua devozione a Dio, sia in lodi gioiose, sia nell&#8217;adorazione pi\u00f9 profonda. Il ministero della Parola di Dio \u00e8 dinamico, ben informato, interattivo e divertente. Certamente segner\u00e0 la tua vita.<\/p>\n<p>Paz Torino \u00e8 il risultato del potente progetto Atti in azioni: l&#8217;idea \u00e8 quella di fondare grandi chiese nelle grandi metropoli del mondo, tutte organizzate in piccoli gruppi e consolidate in legami di discepolato forti e infrangibili.<\/p>\n<p>Ci incontriamo la domenica alle 17:00 &#8211; Via Creia, 11 &#8211; Torino &#8211; Italia<\/p>\n<p>Tu e la tua famiglia siete i nostri ospiti speciali.<br \/>\n<strong>Siamo una famiglia! Siamo Paz Church di Torino!<\/strong><\/p>\n","protected":false},"excerpt":{"rendered":"<p>Paz Church Torino \u00e8 una famiglia in crescita! I nostri servizi domenicali sono vivaci. A partire dalla calda accoglienza della nostra atmosfera. Canzoni che racchiudono la tua devozione a Dio, sia in lodi gioiose, sia nell&#8217;adorazione pi\u00f9 profonda. Il ministero della Parola di Dio \u00e8 dinamico, ben informato, interattivo e divertente. Certamente segner\u00e0 la tuaContinue reading &rarr;<\/p>\n","protected":false},"author":2,"featured_media":6179,"parent":0,"menu_order":0,"comment_status":"closed","ping_status":"closed","template":"","meta":{"footnotes":""},"aioseo_notices":[],"_links":{"self":[{"href":"https:\/\/paz.church\/torino\/wp-json\/wp\/v2\/pages\/1243"}],"collection":[{"href":"https:\/\/paz.church\/torino\/wp-json\/wp\/v2\/pages"}],"about":[{"href":"https:\/\/paz.church\/torino\/wp-json\/wp\/v2\/types\/page"}],"author":[{"embeddable":true,"href":"https:\/\/paz.church\/torino\/wp-json\/wp\/v2\/users\/2"}],"replies":[{"embeddable":true,"href":"https:\/\/paz.church\/torino\/wp-json\/wp\/v2\/comments?post=1243"}],"version-history":[{"count":3,"href":"https:\/\/paz.church\/torino\/wp-json\/wp\/v2\/pages\/1243\/revisions"}],"predecessor-version":[{"id":6241,"href":"https:\/\/paz.church\/torino\/wp-json\/wp\/v2\/pages\/1243\/revisions\/6241"}],"wp:featuredmedia":[{"embeddable":true,"href":"https:\/\/paz.church\/torino\/wp-json\/wp\/v2\/media\/6179"}],"wp:attachment":[{"href":"https:\/\/paz.church\/torino\/wp-json\/wp\/v2\/media?parent=1243"}],"curies":[{"name":"wp","href":"https:\/\/api.w.org\/{rel}","templated":true}]}}