{"id":1245,"date":"2018-12-11T21:08:25","date_gmt":"2018-12-11T20:08:25","guid":{"rendered":"https:\/\/paz.church\/saopaulo\/?page_id=1245"},"modified":"2020-04-16T22:03:53","modified_gmt":"2020-04-16T20:03:53","slug":"visione","status":"publish","type":"page","link":"https:\/\/paz.church\/torino\/visione\/","title":{"rendered":"Visione"},"content":{"rendered":"<div id=\"pl-1245\"  class=\"panel-layout\" ><div id=\"pg-1245-0\"  class=\"panel-grid panel-no-style\" ><div id=\"pgc-1245-0-0\"  class=\"panel-grid-cell\" ><div id=\"panel-1245-0-0-0\" class=\"so-panel widget widget_sow-editor panel-first-child panel-last-child\" data-index=\"0\" ><div\n\t\t\t\n\t\t\tclass=\"so-widget-sow-editor so-widget-sow-editor-base\"\n\t\t\t\n\t\t>\n<div class=\"siteorigin-widget-tinymce textwidget\">\n\t<p>&nbsp;<\/p>\n<p>Paz Church \u00e8 100% MDA Vision.<\/p>\n<p>Attraverso la visione MDA la Chiesa locale pu\u00f2 conquistare numerose persone per Ges\u00f9 prendendosi cura di ogni cristiano.<\/p>\n<p>L' MDA ricopre diversi ruoli sviluppati nella Chiesa locale. Senza dubbio il fattore centrale di questo potente modello \u00e8 il discepolato, che tutti possano ricevere individualmente o attraverso un pastore.<\/p>\n<p>I gruppi chiamati anche affettuosamente Life Group, \u00e8 la Chiesa in casa. Un luogo di grandi amicizie, di studio della Parola di Dio e di intensa preghiera. Un ambiente pieno di fede, gioia e tanto amore.<\/p>\n<p>Nella visione MDA, ogni cristiano impegnato dovrebbe essere discepoli e fare discepoli, partecipare al Life Group, abbracciare la visione della Chiesa locale, cercare l'Unit\u00e0 della Chiesa mondiale e mettere al primo posto il Regno di Dio.<\/p>\n<\/div>\n<\/div><\/div><\/div><\/div><\/div>","protected":false},"excerpt":{"rendered":"<p>&nbsp; Paz Church \u00e8 100% MDA Vision. Attraverso la visione MDA la Chiesa locale pu\u00f2 conquistare numerose persone per Ges\u00f9 prendendosi cura di ogni cristiano. L&#8217; MDA ricopre diversi ruoli sviluppati nella Chiesa locale. Senza dubbio il fattore centrale di questo potente modello \u00e8 il discepolato, che tutti possano ricevere individualmente o attraverso un pastore.Continue reading &rarr;<\/p>\n","protected":false},"author":2,"featured_media":6231,"parent":0,"menu_order":0,"comment_status":"closed","ping_status":"closed","template":"","meta":{"footnotes":""},"aioseo_notices":[],"_links":{"self":[{"href":"https:\/\/paz.church\/torino\/wp-json\/wp\/v2\/pages\/1245"}],"collection":[{"href":"https:\/\/paz.church\/torino\/wp-json\/wp\/v2\/pages"}],"about":[{"href":"https:\/\/paz.church\/torino\/wp-json\/wp\/v2\/types\/page"}],"author":[{"embeddable":true,"href":"https:\/\/paz.church\/torino\/wp-json\/wp\/v2\/users\/2"}],"replies":[{"embeddable":true,"href":"https:\/\/paz.church\/torino\/wp-json\/wp\/v2\/comments?post=1245"}],"version-history":[{"count":6,"href":"https:\/\/paz.church\/torino\/wp-json\/wp\/v2\/pages\/1245\/revisions"}],"predecessor-version":[{"id":6244,"href":"https:\/\/paz.church\/torino\/wp-json\/wp\/v2\/pages\/1245\/revisions\/6244"}],"wp:featuredmedia":[{"embeddable":true,"href":"https:\/\/paz.church\/torino\/wp-json\/wp\/v2\/media\/6231"}],"wp:attachment":[{"href":"https:\/\/paz.church\/torino\/wp-json\/wp\/v2\/media?parent=1245"}],"curies":[{"name":"wp","href":"https:\/\/api.w.org\/{rel}","templated":true}]}}