{"id":1252,"date":"2018-12-11T21:11:24","date_gmt":"2018-12-11T23:11:24","guid":{"rendered":"https:\/\/paz.church\/saopaulo\/?page_id=1252"},"modified":"2023-05-09T10:21:22","modified_gmt":"2023-05-09T08:21:22","slug":"donazioni","status":"publish","type":"page","link":"https:\/\/paz.church\/torino\/donazioni\/","title":{"rendered":"Donazioni"},"content":{"rendered":"<div id=\"pl-1252\"  class=\"panel-layout\" ><div id=\"pg-1252-0\"  class=\"panel-grid panel-no-style\" ><div id=\"pgc-1252-0-0\"  class=\"panel-grid-cell\" ><div id=\"panel-1252-0-0-0\" class=\"so-panel widget widget_sow-editor panel-first-child panel-last-child\" data-index=\"0\" ><div\n\t\t\t\n\t\t\tclass=\"so-widget-sow-editor so-widget-sow-editor-base\"\n\t\t\t\n\t\t>\n<div class=\"siteorigin-widget-tinymce textwidget\">\n\t<p>Paz Church \u00e8 un agente del Regno di Dio qui sulla Terra, che collabora con la societ\u00e0 per raggiungere i giovani, gli adolescenti e le famiglie. \u00c8 un privilegio essere partner di questa meravigliosa opera, e poter donare con le nostre risorse alla chiesa locale.<\/p>\n<p>Scopri come fare:<\/p>\n<\/div>\n<\/div><\/div><\/div><\/div><div id=\"pg-1252-1\"  class=\"panel-grid panel-has-style\" ><div id=\"doar02\" class=\"panel-row-style panel-row-style-for-1252-1\" ><div id=\"pgc-1252-1-0\"  class=\"panel-grid-cell\" ><div id=\"panel-1252-1-0-0\" class=\"so-panel widget widget_sow-icon panel-first-child panel-last-child\" data-index=\"1\" ><div\n\t\t\t\n\t\t\tclass=\"so-widget-sow-icon so-widget-sow-icon-default-b6d7bacdc231-1252\"\n\t\t\t\n\t\t>\n<div class=\"sow-icon-container sow-icon\">\n\t\t\t<span class=\"sow-icon-fontawesome sow-fas\" data-sow-icon=\"&#xf4b9;\"\n\t\t \n\t\taria-hidden=\"true\"><\/span>\t<\/div>\n<\/div><\/div><\/div><div id=\"pgc-1252-1-1\"  class=\"panel-grid-cell\" ><div id=\"panel-1252-1-1-0\" class=\"so-panel widget widget_sow-headline panel-first-child\" data-index=\"2\" ><div\n\t\t\t\n\t\t\tclass=\"so-widget-sow-headline so-widget-sow-headline-default-1d186b115fdc-1252\"\n\t\t\t\n\t\t><div class=\"sow-headline-container \">\n\t<h3 class='sow-headline'>Coordinate bancarie<\/h3><\/div>\n<\/div><\/div><div id=\"panel-1252-1-1-1\" class=\"so-panel widget widget_sow-editor panel-last-child\" data-index=\"3\" ><div\n\t\t\t\n\t\t\tclass=\"so-widget-sow-editor so-widget-sow-editor-base\"\n\t\t\t\n\t\t>\n<div class=\"siteorigin-widget-tinymce textwidget\">\n\t<p><b>Banca e IBAN<br \/>\n<\/b>IT21F0306909606100000153874<br \/>\nChiesa della Pace<\/p>\n<\/div>\n<\/div><\/div><\/div><\/div><\/div><div id=\"pg-1252-2\"  class=\"panel-grid panel-has-style\" ><div class=\"panel-row-style panel-row-style-for-1252-2\" ><div id=\"pgc-1252-2-0\"  class=\"panel-grid-cell\" ><div id=\"panel-1252-2-0-0\" class=\"so-panel widget widget_sow-editor panel-first-child panel-last-child\" data-index=\"4\" ><div\n\t\t\t\n\t\t\tclass=\"so-widget-sow-editor so-widget-sow-editor-base\"\n\t\t\t\n\t\t>\n<div class=\"siteorigin-widget-tinymce textwidget\">\n\t<p style=\"text-align: center;\"><strong><em>Dio \u00e8 potente da far abbondare su di voi ogni grazia affinch\u00e9, avendo sempre in ogni cosa tutto quello che vi \u00e8 necessario, abbondiate per ogni opera buona; 9come sta scritto: \u00abEgli ha profuso, egli ha dato ai poveri, la sua giustizia dura in eterno\u00bb.<\/em><br \/>\n<\/strong>(2 Corinzi 9.8 NTLH)<\/p>\n<\/div>\n<\/div><\/div><\/div><\/div><\/div><\/div>","protected":false},"excerpt":{"rendered":"<p>Paz Church \u00e8 un agente del Regno di Dio qui sulla Terra, che collabora con la societ\u00e0 per raggiungere i giovani, gli adolescenti e le famiglie. \u00c8 un privilegio essere partner di questa meravigliosa opera, e poter donare con le nostre risorse alla chiesa locale. Scopri come fare: Banca e IBAN IT21F0306909606100000153874 Chiesa della Pace<\/p>\n","protected":false},"author":2,"featured_media":8553,"parent":0,"menu_order":0,"comment_status":"closed","ping_status":"closed","template":"","meta":{"footnotes":""},"aioseo_notices":[],"_links":{"self":[{"href":"https:\/\/paz.church\/torino\/wp-json\/wp\/v2\/pages\/1252"}],"collection":[{"href":"https:\/\/paz.church\/torino\/wp-json\/wp\/v2\/pages"}],"about":[{"href":"https:\/\/paz.church\/torino\/wp-json\/wp\/v2\/types\/page"}],"author":[{"embeddable":true,"href":"https:\/\/paz.church\/torino\/wp-json\/wp\/v2\/users\/2"}],"replies":[{"embeddable":true,"href":"https:\/\/paz.church\/torino\/wp-json\/wp\/v2\/comments?post=1252"}],"version-history":[{"count":18,"href":"https:\/\/paz.church\/torino\/wp-json\/wp\/v2\/pages\/1252\/revisions"}],"predecessor-version":[{"id":8610,"href":"https:\/\/paz.church\/torino\/wp-json\/wp\/v2\/pages\/1252\/revisions\/8610"}],"wp:featuredmedia":[{"embeddable":true,"href":"https:\/\/paz.church\/torino\/wp-json\/wp\/v2\/media\/8553"}],"wp:attachment":[{"href":"https:\/\/paz.church\/torino\/wp-json\/wp\/v2\/media?parent=1252"}],"curies":[{"name":"wp","href":"https:\/\/api.w.org\/{rel}","templated":true}]}}